{"id":10260,"date":"2022-01-21T14:19:48","date_gmt":"2022-01-21T17:19:48","guid":{"rendered":"https:\/\/esteticasantabeleza.com.br\/blog\/?page_id=10260"},"modified":"2024-01-22T13:31:47","modified_gmt":"2024-01-22T16:31:47","slug":"melhor-clinica-de-estetica-de-sao-paulo","status":"publish","type":"page","link":"https:\/\/esteticasantabeleza.com.br\/blog\/melhor-clinica-de-estetica-de-sao-paulo\/","title":{"rendered":"Melhor cl\u00ednica de est\u00e9tica de s\u00e3o paulo"},"content":{"rendered":"<p><a href=\"https:\/\/esteticasantabeleza.com.br\/blog\/wp-content\/uploads\/2018\/02\/12523545_1641914306071656_2104554635_n-300x300.jpg\"><img fetchpriority=\"high\" decoding=\"async\" class=\"size-full wp-image-7288 alignleft\" src=\"https:\/\/esteticasantabeleza.com.br\/blog\/wp-content\/uploads\/2018\/02\/12523545_1641914306071656_2104554635_n-300x300.jpg\" alt=\"\" width=\"300\" height=\"300\" srcset=\"https:\/\/esteticasantabeleza.com.br\/blog\/wp-content\/uploads\/2018\/02\/12523545_1641914306071656_2104554635_n-300x300.jpg 300w, https:\/\/esteticasantabeleza.com.br\/blog\/wp-content\/uploads\/2018\/02\/12523545_1641914306071656_2104554635_n-300x300-150x150.jpg 150w\" sizes=\"(max-width: 300px) 100vw, 300px\" \/><\/a><\/p>\n<p><img decoding=\"async\" class=\"size-medium wp-image-6291 alignleft\" src=\"https:\/\/esteticasantabeleza.com.br\/blog\/wp-content\/uploads\/2015\/05\/12523545_1641914306071656_2104554635_n-300x300.jpg\" alt=\"Cl\u00ednica de emagrecimento em Moema\" width=\"300\" height=\"300\" srcset=\"https:\/\/esteticasantabeleza.com.br\/blog\/wp-content\/uploads\/2015\/05\/12523545_1641914306071656_2104554635_n-300x300.jpg 300w, https:\/\/esteticasantabeleza.com.br\/blog\/wp-content\/uploads\/2015\/05\/12523545_1641914306071656_2104554635_n-150x150.jpg 150w, https:\/\/esteticasantabeleza.com.br\/blog\/wp-content\/uploads\/2015\/05\/12523545_1641914306071656_2104554635_n-1021x1024.jpg 1021w, https:\/\/esteticasantabeleza.com.br\/blog\/wp-content\/uploads\/2015\/05\/12523545_1641914306071656_2104554635_n-180x180.jpg 180w, https:\/\/esteticasantabeleza.com.br\/blog\/wp-content\/uploads\/2015\/05\/12523545_1641914306071656_2104554635_n-600x600.jpg 600w, https:\/\/esteticasantabeleza.com.br\/blog\/wp-content\/uploads\/2015\/05\/12523545_1641914306071656_2104554635_n-400x400.jpg 400w, https:\/\/esteticasantabeleza.com.br\/blog\/wp-content\/uploads\/2015\/05\/12523545_1641914306071656_2104554635_n.jpg 1080w\" sizes=\"(max-width: 300px) 100vw, 300px\" \/><\/p>\n<p>A <strong>melhor cl\u00ednica de est\u00e9tica de S\u00e3o Paulo<\/strong> precisa se destacar em muitas caracter\u00edsticas, j\u00e1 que \u00e9 um mercado amplo e concorrido. Por\u00e9m, a Est\u00e9tica Santa Beleza atua h\u00e1 mais de 8 anos na regi\u00e3o nobre de Moema, oferecendo tratamentos est\u00e9ticos corporais e faciais, com tecnologia, t\u00e9cnica e profissionais experientes, para proporcionar resultados integrados e duradouros. Al\u00e9m de ter um ambiente relaxante e agrad\u00e1vel para receber os clientes mais exigentes, com conforto, e que est\u00e3o em busca de melhorar a apar\u00eancia buscando a perfei\u00e7\u00e3o nas formas.<\/p>\n<p>Cl\u00ednicas est\u00e9ticas s\u00e3o locais para busca pela est\u00e9tica que atrav\u00e9s de aparelhos tecnol\u00f3gicos e t\u00e9cnicas, al\u00e9m da utiliza\u00e7\u00e3o de subst\u00e2ncias, tem como objetivo melhorar a apar\u00eancia e alcan\u00e7ar a perfei\u00e7\u00e3o das formas<\/p>\n<h2 style=\"text-align: center;\"><strong>Est\u00e9tica Santa Beleza a melhor cl\u00ednica de est\u00e9tica de S\u00e3o Paulo, h\u00e1 8 anos no charmoso bairro de Moema<\/strong><\/h2>\n<p>A diversidade de tratamentos que podem ser integrados como massagens, massagens, gordura localizada, celulite, drenagens, flacidez, estrias, depila\u00e7\u00e3o e dermatologia, limpeza de pele, peeling, hidrata\u00e7\u00e3o facial, revitaliza\u00e7\u00e3o, rejuvenescimento e preven\u00e7\u00e3o, sendo que equipe de profissionais utiliza uma avalia\u00e7\u00e3o nutricional, para integrar os resultados dos tratamentos, e obter resultados mais completos e duradouros.<\/p>\n<p>E na <strong>melhor cl\u00ednica de est\u00e9tica de S\u00e3o Paulo<\/strong>, Est\u00e9tica Santa Beleza, se encontra o ambiente ideal para passar momentos de cuidados que v\u00e3o al\u00e9m da beleza, mas da sa\u00fade, incluindo a mental, onde se encontra autoconfian\u00e7a e autoconhecimento.<\/p>\n<p>Acesse o site da Est\u00e9tica Santa Beleza, conhe\u00e7a mais sobre os servi\u00e7os oferecidos e agende um hor\u00e1rio para visitar e conhecer pessoalmente a <strong>melhor cl\u00ednica de est\u00e9tica de S\u00e3o Paulo<\/strong>. O tratamento poder\u00e1 ter algumas sess\u00f5es e as condi\u00e7\u00f5es de pagamento s\u00e3o facilitadas, para resultados garantidos pela expertise de sua equipe no bom atendimento, al\u00e9m de assegurar o cumprimento de todas as medidas sanit\u00e1rias.<\/p>\n","protected":false},"excerpt":{"rendered":"<p>A melhor cl\u00ednica de est\u00e9tica de S\u00e3o Paulo precisa se destacar em muitas caracter\u00edsticas, j\u00e1 que \u00e9 um mercado amplo e concorrido. Por\u00e9m, a Est\u00e9tica Santa Beleza atua h\u00e1 mais de 8 anos na regi\u00e3o nobre de Moema, oferecendo tratamentos est\u00e9ticos corporais e faciais, com tecnologia, t\u00e9cnica e profissionais experientes, para proporcionar resultados integrados e&#8230; <\/p>\n<div class=\"clear\"><\/div>\n<p><a href=\"https:\/\/esteticasantabeleza.com.br\/blog\/melhor-clinica-de-estetica-de-sao-paulo\/\" class=\"gdlr-button small excerpt-read-more\">Read More<\/a><\/p>\n","protected":false},"author":21,"featured_media":0,"parent":0,"menu_order":0,"comment_status":"closed","ping_status":"closed","template":"page-conversao.php","meta":{"footnotes":""},"yoast_head":"<!-- This site is optimized with the Yoast SEO Premium plugin v21.6 (Yoast SEO v22.4) - https:\/\/yoast.com\/wordpress\/plugins\/seo\/ -->\n<title>melhor cl\u00ednica de est\u00e9tica de S\u00e3o Paulo | Santa Beleza<\/title>\n<meta name=\"description\" content=\"E na melhor cl\u00ednica de est\u00e9tica de S\u00e3o Paulo, Est\u00e9tica Santa Beleza, se encontra o ambiente ideal para passar momentos de cuidados que v\u00e3o al\u00e9m da beleza, mas da sa\u00fade, incluindo a mental, onde se encontra autoconfian\u00e7a e autoconhecimento.\" \/>\n<meta name=\"robots\" content=\"index, follow, max-snippet:-1, max-image-preview:large, max-video-preview:-1\" \/>\n<link rel=\"canonical\" href=\"https:\/\/esteticasantabeleza.com.br\/blog\/melhor-clinica-de-estetica-de-sao-paulo\/\" \/>\n<meta property=\"og:locale\" content=\"pt_BR\" \/>\n<meta property=\"og:type\" content=\"article\" \/>\n<meta property=\"og:title\" content=\"Melhor cl\u00ednica de est\u00e9tica de s\u00e3o paulo\" \/>\n<meta property=\"og:description\" content=\"E na melhor cl\u00ednica de est\u00e9tica de S\u00e3o Paulo, Est\u00e9tica Santa Beleza, se encontra o ambiente ideal para passar momentos de cuidados que v\u00e3o al\u00e9m da beleza, mas da sa\u00fade, incluindo a mental, onde se encontra autoconfian\u00e7a e autoconhecimento.\" \/>\n<meta property=\"og:url\" content=\"https:\/\/esteticasantabeleza.com.br\/blog\/melhor-clinica-de-estetica-de-sao-paulo\/\" \/>\n<meta property=\"og:site_name\" content=\"Santa Beleza\" \/>\n<meta property=\"article:publisher\" content=\"https:\/\/www.facebook.com\/esteticasantablz\/\" \/>\n<meta property=\"article:modified_time\" content=\"2024-01-22T16:31:47+00:00\" \/>\n<meta property=\"og:image\" content=\"https:\/\/esteticasantabeleza.com.br\/blog\/wp-content\/uploads\/2018\/02\/12523545_1641914306071656_2104554635_n-300x300.jpg\" \/>\n<meta name=\"twitter:card\" content=\"summary_large_image\" \/>\n<meta name=\"twitter:label1\" content=\"Est. tempo de leitura\" \/>\n\t<meta name=\"twitter:data1\" content=\"3 minutos\" \/>\n<script type=\"application\/ld+json\" class=\"yoast-schema-graph\">{\"@context\":\"https:\/\/schema.org\",\"@graph\":[{\"@type\":\"WebPage\",\"@id\":\"https:\/\/esteticasantabeleza.com.br\/blog\/melhor-clinica-de-estetica-de-sao-paulo\/\",\"url\":\"https:\/\/esteticasantabeleza.com.br\/blog\/melhor-clinica-de-estetica-de-sao-paulo\/\",\"name\":\"melhor cl\u00ednica de est\u00e9tica de S\u00e3o Paulo | Santa Beleza\",\"isPartOf\":{\"@id\":\"https:\/\/esteticasantabeleza.com.br\/blog\/#website\"},\"primaryImageOfPage\":{\"@id\":\"https:\/\/esteticasantabeleza.com.br\/blog\/melhor-clinica-de-estetica-de-sao-paulo\/#primaryimage\"},\"image\":{\"@id\":\"https:\/\/esteticasantabeleza.com.br\/blog\/melhor-clinica-de-estetica-de-sao-paulo\/#primaryimage\"},\"thumbnailUrl\":\"https:\/\/esteticasantabeleza.com.br\/blog\/wp-content\/uploads\/2018\/02\/12523545_1641914306071656_2104554635_n-300x300.jpg\",\"datePublished\":\"2022-01-21T17:19:48+00:00\",\"dateModified\":\"2024-01-22T16:31:47+00:00\",\"description\":\"E na melhor cl\u00ednica de est\u00e9tica de S\u00e3o Paulo, Est\u00e9tica Santa Beleza, se encontra o ambiente ideal para passar momentos de cuidados que v\u00e3o al\u00e9m da beleza, mas da sa\u00fade, incluindo a mental, onde se encontra autoconfian\u00e7a e autoconhecimento.\",\"breadcrumb\":{\"@id\":\"https:\/\/esteticasantabeleza.com.br\/blog\/melhor-clinica-de-estetica-de-sao-paulo\/#breadcrumb\"},\"inLanguage\":\"pt-BR\",\"potentialAction\":[{\"@type\":\"ReadAction\",\"target\":[\"https:\/\/esteticasantabeleza.com.br\/blog\/melhor-clinica-de-estetica-de-sao-paulo\/\"]}]},{\"@type\":\"ImageObject\",\"inLanguage\":\"pt-BR\",\"@id\":\"https:\/\/esteticasantabeleza.com.br\/blog\/melhor-clinica-de-estetica-de-sao-paulo\/#primaryimage\",\"url\":\"https:\/\/esteticasantabeleza.com.br\/blog\/wp-content\/uploads\/2018\/02\/12523545_1641914306071656_2104554635_n-300x300.jpg\",\"contentUrl\":\"https:\/\/esteticasantabeleza.com.br\/blog\/wp-content\/uploads\/2018\/02\/12523545_1641914306071656_2104554635_n-300x300.jpg\"},{\"@type\":\"BreadcrumbList\",\"@id\":\"https:\/\/esteticasantabeleza.com.br\/blog\/melhor-clinica-de-estetica-de-sao-paulo\/#breadcrumb\",\"itemListElement\":[{\"@type\":\"ListItem\",\"position\":1,\"name\":\"In\u00edcio\",\"item\":\"https:\/\/esteticasantabeleza.com.br\/blog\/\"},{\"@type\":\"ListItem\",\"position\":2,\"name\":\"Melhor cl\u00ednica de est\u00e9tica de s\u00e3o paulo\"}]},{\"@type\":\"WebSite\",\"@id\":\"https:\/\/esteticasantabeleza.com.br\/blog\/#website\",\"url\":\"https:\/\/esteticasantabeleza.com.br\/blog\/\",\"name\":\"Est\u00e9tica Santa Beleza\",\"description\":\"Estamos localizados em Moema-SP, com atendimento exclusivo e ambiente discreto. H\u00e1 mais de 10 anos oferecendo tratamentos corporais, faciais e depila\u00e7\u00e3o...\",\"publisher\":{\"@id\":\"https:\/\/esteticasantabeleza.com.br\/blog\/#organization\"},\"potentialAction\":[{\"@type\":\"SearchAction\",\"target\":{\"@type\":\"EntryPoint\",\"urlTemplate\":\"https:\/\/esteticasantabeleza.com.br\/blog\/?s={search_term_string}\"},\"query-input\":\"required name=search_term_string\"}],\"inLanguage\":\"pt-BR\"},{\"@type\":\"Organization\",\"@id\":\"https:\/\/esteticasantabeleza.com.br\/blog\/#organization\",\"name\":\"Est\u00e9tica Santa Beleza\",\"url\":\"https:\/\/esteticasantabeleza.com.br\/blog\/\",\"logo\":{\"@type\":\"ImageObject\",\"inLanguage\":\"pt-BR\",\"@id\":\"https:\/\/esteticasantabeleza.com.br\/blog\/#\/schema\/logo\/image\/\",\"url\":\"https:\/\/esteticasantabeleza.com.br\/blog\/wp-content\/uploads\/2019\/03\/logo_email-e1465234219101.png\",\"contentUrl\":\"https:\/\/esteticasantabeleza.com.br\/blog\/wp-content\/uploads\/2019\/03\/logo_email-e1465234219101.png\",\"width\":200,\"height\":93,\"caption\":\"Est\u00e9tica Santa Beleza\"},\"image\":{\"@id\":\"https:\/\/esteticasantabeleza.com.br\/blog\/#\/schema\/logo\/image\/\"},\"sameAs\":[\"https:\/\/www.facebook.com\/esteticasantablz\/\",\"https:\/\/www.instagram.com\/esteticasantabeleza\/\"]}]}<\/script>\n<!-- \/ Yoast SEO Premium plugin. -->","yoast_head_json":{"title":"melhor cl\u00ednica de est\u00e9tica de S\u00e3o Paulo | Santa Beleza","description":"E na melhor cl\u00ednica de est\u00e9tica de S\u00e3o Paulo, Est\u00e9tica Santa Beleza, se encontra o ambiente ideal para passar momentos de cuidados que v\u00e3o al\u00e9m da beleza, mas da sa\u00fade, incluindo a mental, onde se encontra autoconfian\u00e7a e autoconhecimento.","robots":{"index":"index","follow":"follow","max-snippet":"max-snippet:-1","max-image-preview":"max-image-preview:large","max-video-preview":"max-video-preview:-1"},"canonical":"https:\/\/esteticasantabeleza.com.br\/blog\/melhor-clinica-de-estetica-de-sao-paulo\/","og_locale":"pt_BR","og_type":"article","og_title":"Melhor cl\u00ednica de est\u00e9tica de s\u00e3o paulo","og_description":"E na melhor cl\u00ednica de est\u00e9tica de S\u00e3o Paulo, Est\u00e9tica Santa Beleza, se encontra o ambiente ideal para passar momentos de cuidados que v\u00e3o al\u00e9m da beleza, mas da sa\u00fade, incluindo a mental, onde se encontra autoconfian\u00e7a e autoconhecimento.","og_url":"https:\/\/esteticasantabeleza.com.br\/blog\/melhor-clinica-de-estetica-de-sao-paulo\/","og_site_name":"Santa Beleza","article_publisher":"https:\/\/www.facebook.com\/esteticasantablz\/","article_modified_time":"2024-01-22T16:31:47+00:00","og_image":[{"url":"https:\/\/esteticasantabeleza.com.br\/blog\/wp-content\/uploads\/2018\/02\/12523545_1641914306071656_2104554635_n-300x300.jpg"}],"twitter_card":"summary_large_image","twitter_misc":{"Est. tempo de leitura":"3 minutos"},"schema":{"@context":"https:\/\/schema.org","@graph":[{"@type":"WebPage","@id":"https:\/\/esteticasantabeleza.com.br\/blog\/melhor-clinica-de-estetica-de-sao-paulo\/","url":"https:\/\/esteticasantabeleza.com.br\/blog\/melhor-clinica-de-estetica-de-sao-paulo\/","name":"melhor cl\u00ednica de est\u00e9tica de S\u00e3o Paulo | Santa Beleza","isPartOf":{"@id":"https:\/\/esteticasantabeleza.com.br\/blog\/#website"},"primaryImageOfPage":{"@id":"https:\/\/esteticasantabeleza.com.br\/blog\/melhor-clinica-de-estetica-de-sao-paulo\/#primaryimage"},"image":{"@id":"https:\/\/esteticasantabeleza.com.br\/blog\/melhor-clinica-de-estetica-de-sao-paulo\/#primaryimage"},"thumbnailUrl":"https:\/\/esteticasantabeleza.com.br\/blog\/wp-content\/uploads\/2018\/02\/12523545_1641914306071656_2104554635_n-300x300.jpg","datePublished":"2022-01-21T17:19:48+00:00","dateModified":"2024-01-22T16:31:47+00:00","description":"E na melhor cl\u00ednica de est\u00e9tica de S\u00e3o Paulo, Est\u00e9tica Santa Beleza, se encontra o ambiente ideal para passar momentos de cuidados que v\u00e3o al\u00e9m da beleza, mas da sa\u00fade, incluindo a mental, onde se encontra autoconfian\u00e7a e autoconhecimento.","breadcrumb":{"@id":"https:\/\/esteticasantabeleza.com.br\/blog\/melhor-clinica-de-estetica-de-sao-paulo\/#breadcrumb"},"inLanguage":"pt-BR","potentialAction":[{"@type":"ReadAction","target":["https:\/\/esteticasantabeleza.com.br\/blog\/melhor-clinica-de-estetica-de-sao-paulo\/"]}]},{"@type":"ImageObject","inLanguage":"pt-BR","@id":"https:\/\/esteticasantabeleza.com.br\/blog\/melhor-clinica-de-estetica-de-sao-paulo\/#primaryimage","url":"https:\/\/esteticasantabeleza.com.br\/blog\/wp-content\/uploads\/2018\/02\/12523545_1641914306071656_2104554635_n-300x300.jpg","contentUrl":"https:\/\/esteticasantabeleza.com.br\/blog\/wp-content\/uploads\/2018\/02\/12523545_1641914306071656_2104554635_n-300x300.jpg"},{"@type":"BreadcrumbList","@id":"https:\/\/esteticasantabeleza.com.br\/blog\/melhor-clinica-de-estetica-de-sao-paulo\/#breadcrumb","itemListElement":[{"@type":"ListItem","position":1,"name":"In\u00edcio","item":"https:\/\/esteticasantabeleza.com.br\/blog\/"},{"@type":"ListItem","position":2,"name":"Melhor cl\u00ednica de est\u00e9tica de s\u00e3o paulo"}]},{"@type":"WebSite","@id":"https:\/\/esteticasantabeleza.com.br\/blog\/#website","url":"https:\/\/esteticasantabeleza.com.br\/blog\/","name":"Est\u00e9tica Santa Beleza","description":"Estamos localizados em Moema-SP, com atendimento exclusivo e ambiente discreto. H\u00e1 mais de 10 anos oferecendo tratamentos corporais, faciais e depila\u00e7\u00e3o...","publisher":{"@id":"https:\/\/esteticasantabeleza.com.br\/blog\/#organization"},"potentialAction":[{"@type":"SearchAction","target":{"@type":"EntryPoint","urlTemplate":"https:\/\/esteticasantabeleza.com.br\/blog\/?s={search_term_string}"},"query-input":"required name=search_term_string"}],"inLanguage":"pt-BR"},{"@type":"Organization","@id":"https:\/\/esteticasantabeleza.com.br\/blog\/#organization","name":"Est\u00e9tica Santa Beleza","url":"https:\/\/esteticasantabeleza.com.br\/blog\/","logo":{"@type":"ImageObject","inLanguage":"pt-BR","@id":"https:\/\/esteticasantabeleza.com.br\/blog\/#\/schema\/logo\/image\/","url":"https:\/\/esteticasantabeleza.com.br\/blog\/wp-content\/uploads\/2019\/03\/logo_email-e1465234219101.png","contentUrl":"https:\/\/esteticasantabeleza.com.br\/blog\/wp-content\/uploads\/2019\/03\/logo_email-e1465234219101.png","width":200,"height":93,"caption":"Est\u00e9tica Santa Beleza"},"image":{"@id":"https:\/\/esteticasantabeleza.com.br\/blog\/#\/schema\/logo\/image\/"},"sameAs":["https:\/\/www.facebook.com\/esteticasantablz\/","https:\/\/www.instagram.com\/esteticasantabeleza\/"]}]}},"_links":{"self":[{"href":"https:\/\/esteticasantabeleza.com.br\/blog\/wp-json\/wp\/v2\/pages\/10260"}],"collection":[{"href":"https:\/\/esteticasantabeleza.com.br\/blog\/wp-json\/wp\/v2\/pages"}],"about":[{"href":"https:\/\/esteticasantabeleza.com.br\/blog\/wp-json\/wp\/v2\/types\/page"}],"author":[{"embeddable":true,"href":"https:\/\/esteticasantabeleza.com.br\/blog\/wp-json\/wp\/v2\/users\/21"}],"replies":[{"embeddable":true,"href":"https:\/\/esteticasantabeleza.com.br\/blog\/wp-json\/wp\/v2\/comments?post=10260"}],"version-history":[{"count":3,"href":"https:\/\/esteticasantabeleza.com.br\/blog\/wp-json\/wp\/v2\/pages\/10260\/revisions"}],"predecessor-version":[{"id":12520,"href":"https:\/\/esteticasantabeleza.com.br\/blog\/wp-json\/wp\/v2\/pages\/10260\/revisions\/12520"}],"wp:attachment":[{"href":"https:\/\/esteticasantabeleza.com.br\/blog\/wp-json\/wp\/v2\/media?parent=10260"}],"curies":[{"name":"wp","href":"https:\/\/api.w.org\/{rel}","templated":true}]}}