{"id":11492,"date":"2023-10-13T14:00:09","date_gmt":"2023-10-13T17:00:09","guid":{"rendered":"https:\/\/esteticasantabeleza.com.br\/blog\/?page_id=11492"},"modified":"2024-01-23T09:40:39","modified_gmt":"2024-01-23T12:40:39","slug":"power-shape-preco","status":"publish","type":"page","link":"https:\/\/esteticasantabeleza.com.br\/blog\/power-shape-preco\/","title":{"rendered":"Power Shape Pre\u00e7o: Investindo na Sua Beleza na Santa Beleza"},"content":{"rendered":"<div class=\"wp-block-image\">\n<figure class=\"alignleft size-full is-resized\"><a href=\"https:\/\/esteticasantabeleza.com.br\/blog\/wp-content\/uploads\/2023\/10\/Power-shape.png\"><img fetchpriority=\"high\" decoding=\"async\" width=\"467\" height=\"497\" src=\"https:\/\/esteticasantabeleza.com.br\/blog\/wp-content\/uploads\/2023\/10\/Power-shape.png\" alt=\"Power Shape sess\u00f5es\" class=\"wp-image-11468\" style=\"aspect-ratio:0.9956896551724138;width:360px;height:auto\" srcset=\"https:\/\/esteticasantabeleza.com.br\/blog\/wp-content\/uploads\/2023\/10\/Power-shape.png 467w, https:\/\/esteticasantabeleza.com.br\/blog\/wp-content\/uploads\/2023\/10\/Power-shape-282x300.png 282w, https:\/\/esteticasantabeleza.com.br\/blog\/wp-content\/uploads\/2023\/10\/Power-shape-16x16.png 16w\" sizes=\"(max-width: 467px) 100vw, 467px\" \/><\/a><\/figure><\/div>\n\n\n<p>N\u00f3s, da Santa Beleza, com anos de experi\u00eancia no mercado da beleza, temos o prazer de trazer artigos que ir\u00e3o te ajudar a entender como funciona o mundo da est\u00e9tica e os tratamentos que ela oferece.&nbsp;<\/p>\n\n\n\n<p>Em meio ao vasto leque de op\u00e7\u00f5es est\u00e9ticas, a transpar\u00eancia em rela\u00e7\u00e3o aos custos \u00e9 essencial para que voc\u00ea possa tomar uma decis\u00e3o informada. Neste artigo, exploraremos o <strong>Power Shape<\/strong> <strong>valor <\/strong>e como investir em sua beleza pode ser uma experi\u00eancia gratificante em nossa cl\u00ednica.<\/p>\n\n\n\n<h2 class=\"wp-block-heading\" id=\"h-investindo-na-sua-beleza-com-power-shape-uma-visao-geral\"><strong>Investindo na Sua Beleza com Power Shape: Uma Vis\u00e3o Geral<\/strong><\/h2>\n\n\n\n<p>O Power Shape \u00e9 uma das tecnologias revolucion\u00e1rias que oferecemos na Cl\u00ednica Santa Beleza. Combinando radiofrequ\u00eancia, ultrassom cavitacional e endermologia, ele se destaca por sua efic\u00e1cia na melhoria da pele, redu\u00e7\u00e3o da celulite e modelagem do contorno corporal. No entanto, entendemos que, al\u00e9m de sua efic\u00e1cia, voc\u00ea tamb\u00e9m deseja saber sobre o valor financeiro desse tratamento.<\/p>\n\n\n\n<h2 class=\"wp-block-heading\" id=\"h-compreendendo-o-valor-do-tratamento-power-shape\"><strong>Compreendendo o Valor do Tratamento Power Shape<\/strong><\/h2>\n\n\n\n<p>O valor do tratamento pode variar dependendo de v\u00e1rios fatores, como a regi\u00e3o a ser tratada, o n\u00famero de sess\u00f5es necess\u00e1rias e as metas est\u00e9ticas individuais de cada cliente. Por isso, recomendamos que agende uma avalia\u00e7\u00e3o conosco para obter um or\u00e7amento personalizado. Nossos especialistas ir\u00e3o avaliar suas necessidades e criar um plano de tratamento que atenda aos seus objetivos e or\u00e7amento.<\/p>\n\n\n\n<h2 class=\"wp-block-heading\" id=\"h-investir-em-si-mesmo-o-valor-alem-dos-numeros\"><strong>Investir em Si Mesmo: O Valor Al\u00e9m dos N\u00fameros<\/strong><\/h2>\n\n\n\n<p>Na Santa Beleza, acreditamos que investir em sua beleza vai al\u00e9m dos n\u00fameros financeiros. \u00c9 um investimento em sua autoestima, confian\u00e7a e bem-estar emocional. O tratamento Power Shape n\u00e3o apenas melhora a apar\u00eancia da sua pele e corpo, mas tamb\u00e9m pode impulsionar sua autoconfian\u00e7a, permitindo que voc\u00ea se sinta bem consigo mesmo em todas as situa\u00e7\u00f5es.<\/p>\n\n\n\n<h2 class=\"wp-block-heading\" id=\"h-o-valor-da-experiencia-santa-beleza\"><strong>O Valor da Experi\u00eancia Santa Beleza<\/strong><\/h2>\n\n\n\n<p>Quando voc\u00ea opta pela Cl\u00ednica Santa Beleza para o tratamento Power Shape, voc\u00ea est\u00e1 escolhendo mais do que apenas um procedimento est\u00e9tico. Est\u00e1 escolhendo uma experi\u00eancia completa, onde sua jornada de beleza \u00e9 enriquecida por um ambiente aconchegante e um atendimento exclusivo.<\/p>\n\n\n\n<h2 class=\"wp-block-heading\" id=\"h-agende-seu-procedimento-e-descubra-o-tratamento-power-shape-valor-para-voce\"><strong>Agende Seu procedimento e descubra o Tratamento Power Shape Valor para Voc\u00ea<\/strong><\/h2>\n\n\n\n<p>A melhor maneira de descobrir o valor do tratamento Power Shape para suas necessidades espec\u00edficas \u00e9 agendar uma avalia\u00e7\u00e3o conosco. Nossa equipe est\u00e1 pronta para discutir suas metas, responder a todas as suas perguntas e fornecer um or\u00e7amento personalizado.<\/p>\n\n\n\n<h2 class=\"wp-block-heading\" id=\"h-santa-beleza-elevando-sua-beleza-e-autoestima-com-confianca\"><strong>Santa Beleza: Elevando Sua Beleza e Autoestima com Confian\u00e7a<\/strong><\/h2>\n\n\n\n<p>Na Santa Beleza, acreditamos que sua beleza merece ser valorizada. Nosso compromisso \u00e9 oferecer tratamentos de qualidade que proporcionem resultados vis\u00edveis e transforma\u00e7\u00f5es internas. O tratamento Power Shape \u00e9 apenas um exemplo de como unimos inova\u00e7\u00e3o est\u00e9tica com um toque humano.<\/p>\n","protected":false},"excerpt":{"rendered":"<p>N\u00f3s, da Santa Beleza, com anos de experi\u00eancia no mercado da beleza, temos o prazer de trazer artigos que ir\u00e3o te ajudar a entender como funciona o mundo da est\u00e9tica e os tratamentos que ela oferece.&nbsp; Em meio ao vasto leque de op\u00e7\u00f5es est\u00e9ticas, a transpar\u00eancia em rela\u00e7\u00e3o aos custos \u00e9 essencial para que voc\u00ea&#8230; <\/p>\n<div class=\"clear\"><\/div>\n<p><a href=\"https:\/\/esteticasantabeleza.com.br\/blog\/power-shape-preco\/\" class=\"gdlr-button small excerpt-read-more\">Read More<\/a><\/p>\n","protected":false},"author":21,"featured_media":0,"parent":0,"menu_order":0,"comment_status":"closed","ping_status":"closed","template":"page-conversao.php","meta":{"footnotes":""},"yoast_head":"<!-- This site is optimized with the Yoast SEO Premium plugin v21.6 (Yoast SEO v22.4) - https:\/\/yoast.com\/wordpress\/plugins\/seo\/ -->\n<title>Power Shape Pre\u00e7o<\/title>\n<meta name=\"description\" content=\"Power Shape pre\u00e7o. Neste artigo, mergulharemos nos detalhes do custo do tratamento Power Shape e como investir em sua beleza pode ser uma ...\" \/>\n<meta name=\"robots\" content=\"index, follow, max-snippet:-1, max-image-preview:large, max-video-preview:-1\" \/>\n<link rel=\"canonical\" href=\"https:\/\/esteticasantabeleza.com.br\/blog\/power-shape-preco\/\" \/>\n<meta property=\"og:locale\" content=\"pt_BR\" \/>\n<meta property=\"og:type\" content=\"article\" \/>\n<meta property=\"og:title\" content=\"Power Shape Pre\u00e7o: Investindo na Sua Beleza na Santa Beleza\" \/>\n<meta property=\"og:description\" content=\"Power Shape pre\u00e7o. Neste artigo, mergulharemos nos detalhes do custo do tratamento Power Shape e como investir em sua beleza pode ser uma ...\" \/>\n<meta property=\"og:url\" content=\"https:\/\/esteticasantabeleza.com.br\/blog\/power-shape-preco\/\" \/>\n<meta property=\"og:site_name\" content=\"Santa Beleza\" \/>\n<meta property=\"article:publisher\" content=\"https:\/\/www.facebook.com\/esteticasantablz\/\" \/>\n<meta property=\"article:modified_time\" content=\"2024-01-23T12:40:39+00:00\" \/>\n<meta property=\"og:image\" content=\"https:\/\/esteticasantabeleza.com.br\/blog\/wp-content\/uploads\/2023\/10\/Power-shape.png\" \/>\n<meta name=\"twitter:card\" content=\"summary_large_image\" \/>\n<meta name=\"twitter:label1\" content=\"Est. tempo de leitura\" \/>\n\t<meta name=\"twitter:data1\" content=\"3 minutos\" \/>\n<script type=\"application\/ld+json\" class=\"yoast-schema-graph\">{\"@context\":\"https:\/\/schema.org\",\"@graph\":[{\"@type\":\"WebPage\",\"@id\":\"https:\/\/esteticasantabeleza.com.br\/blog\/power-shape-preco\/\",\"url\":\"https:\/\/esteticasantabeleza.com.br\/blog\/power-shape-preco\/\",\"name\":\"Power Shape Pre\u00e7o\",\"isPartOf\":{\"@id\":\"https:\/\/esteticasantabeleza.com.br\/blog\/#website\"},\"primaryImageOfPage\":{\"@id\":\"https:\/\/esteticasantabeleza.com.br\/blog\/power-shape-preco\/#primaryimage\"},\"image\":{\"@id\":\"https:\/\/esteticasantabeleza.com.br\/blog\/power-shape-preco\/#primaryimage\"},\"thumbnailUrl\":\"https:\/\/esteticasantabeleza.com.br\/blog\/wp-content\/uploads\/2023\/10\/Power-shape.png\",\"datePublished\":\"2023-10-13T17:00:09+00:00\",\"dateModified\":\"2024-01-23T12:40:39+00:00\",\"description\":\"Power Shape pre\u00e7o. Neste artigo, mergulharemos nos detalhes do custo do tratamento Power Shape e como investir em sua beleza pode ser uma ...\",\"breadcrumb\":{\"@id\":\"https:\/\/esteticasantabeleza.com.br\/blog\/power-shape-preco\/#breadcrumb\"},\"inLanguage\":\"pt-BR\",\"potentialAction\":[{\"@type\":\"ReadAction\",\"target\":[\"https:\/\/esteticasantabeleza.com.br\/blog\/power-shape-preco\/\"]}]},{\"@type\":\"ImageObject\",\"inLanguage\":\"pt-BR\",\"@id\":\"https:\/\/esteticasantabeleza.com.br\/blog\/power-shape-preco\/#primaryimage\",\"url\":\"https:\/\/esteticasantabeleza.com.br\/blog\/wp-content\/uploads\/2023\/10\/Power-shape.png\",\"contentUrl\":\"https:\/\/esteticasantabeleza.com.br\/blog\/wp-content\/uploads\/2023\/10\/Power-shape.png\",\"width\":467,\"height\":497,\"caption\":\"Power Shape sess\u00f5es\"},{\"@type\":\"BreadcrumbList\",\"@id\":\"https:\/\/esteticasantabeleza.com.br\/blog\/power-shape-preco\/#breadcrumb\",\"itemListElement\":[{\"@type\":\"ListItem\",\"position\":1,\"name\":\"In\u00edcio\",\"item\":\"https:\/\/esteticasantabeleza.com.br\/blog\/\"},{\"@type\":\"ListItem\",\"position\":2,\"name\":\"Power Shape Pre\u00e7o: Investindo na Sua Beleza na Santa Beleza\"}]},{\"@type\":\"WebSite\",\"@id\":\"https:\/\/esteticasantabeleza.com.br\/blog\/#website\",\"url\":\"https:\/\/esteticasantabeleza.com.br\/blog\/\",\"name\":\"Est\u00e9tica Santa Beleza\",\"description\":\"Estamos localizados em Moema-SP, com atendimento exclusivo e ambiente discreto. H\u00e1 mais de 10 anos oferecendo tratamentos corporais, faciais e depila\u00e7\u00e3o...\",\"publisher\":{\"@id\":\"https:\/\/esteticasantabeleza.com.br\/blog\/#organization\"},\"potentialAction\":[{\"@type\":\"SearchAction\",\"target\":{\"@type\":\"EntryPoint\",\"urlTemplate\":\"https:\/\/esteticasantabeleza.com.br\/blog\/?s={search_term_string}\"},\"query-input\":\"required name=search_term_string\"}],\"inLanguage\":\"pt-BR\"},{\"@type\":\"Organization\",\"@id\":\"https:\/\/esteticasantabeleza.com.br\/blog\/#organization\",\"name\":\"Est\u00e9tica Santa Beleza\",\"url\":\"https:\/\/esteticasantabeleza.com.br\/blog\/\",\"logo\":{\"@type\":\"ImageObject\",\"inLanguage\":\"pt-BR\",\"@id\":\"https:\/\/esteticasantabeleza.com.br\/blog\/#\/schema\/logo\/image\/\",\"url\":\"https:\/\/esteticasantabeleza.com.br\/blog\/wp-content\/uploads\/2019\/03\/logo_email-e1465234219101.png\",\"contentUrl\":\"https:\/\/esteticasantabeleza.com.br\/blog\/wp-content\/uploads\/2019\/03\/logo_email-e1465234219101.png\",\"width\":200,\"height\":93,\"caption\":\"Est\u00e9tica Santa Beleza\"},\"image\":{\"@id\":\"https:\/\/esteticasantabeleza.com.br\/blog\/#\/schema\/logo\/image\/\"},\"sameAs\":[\"https:\/\/www.facebook.com\/esteticasantablz\/\",\"https:\/\/www.instagram.com\/esteticasantabeleza\/\"]}]}<\/script>\n<!-- \/ Yoast SEO Premium plugin. -->","yoast_head_json":{"title":"Power Shape Pre\u00e7o","description":"Power Shape pre\u00e7o. Neste artigo, mergulharemos nos detalhes do custo do tratamento Power Shape e como investir em sua beleza pode ser uma ...","robots":{"index":"index","follow":"follow","max-snippet":"max-snippet:-1","max-image-preview":"max-image-preview:large","max-video-preview":"max-video-preview:-1"},"canonical":"https:\/\/esteticasantabeleza.com.br\/blog\/power-shape-preco\/","og_locale":"pt_BR","og_type":"article","og_title":"Power Shape Pre\u00e7o: Investindo na Sua Beleza na Santa Beleza","og_description":"Power Shape pre\u00e7o. Neste artigo, mergulharemos nos detalhes do custo do tratamento Power Shape e como investir em sua beleza pode ser uma ...","og_url":"https:\/\/esteticasantabeleza.com.br\/blog\/power-shape-preco\/","og_site_name":"Santa Beleza","article_publisher":"https:\/\/www.facebook.com\/esteticasantablz\/","article_modified_time":"2024-01-23T12:40:39+00:00","og_image":[{"url":"https:\/\/esteticasantabeleza.com.br\/blog\/wp-content\/uploads\/2023\/10\/Power-shape.png"}],"twitter_card":"summary_large_image","twitter_misc":{"Est. tempo de leitura":"3 minutos"},"schema":{"@context":"https:\/\/schema.org","@graph":[{"@type":"WebPage","@id":"https:\/\/esteticasantabeleza.com.br\/blog\/power-shape-preco\/","url":"https:\/\/esteticasantabeleza.com.br\/blog\/power-shape-preco\/","name":"Power Shape Pre\u00e7o","isPartOf":{"@id":"https:\/\/esteticasantabeleza.com.br\/blog\/#website"},"primaryImageOfPage":{"@id":"https:\/\/esteticasantabeleza.com.br\/blog\/power-shape-preco\/#primaryimage"},"image":{"@id":"https:\/\/esteticasantabeleza.com.br\/blog\/power-shape-preco\/#primaryimage"},"thumbnailUrl":"https:\/\/esteticasantabeleza.com.br\/blog\/wp-content\/uploads\/2023\/10\/Power-shape.png","datePublished":"2023-10-13T17:00:09+00:00","dateModified":"2024-01-23T12:40:39+00:00","description":"Power Shape pre\u00e7o. Neste artigo, mergulharemos nos detalhes do custo do tratamento Power Shape e como investir em sua beleza pode ser uma ...","breadcrumb":{"@id":"https:\/\/esteticasantabeleza.com.br\/blog\/power-shape-preco\/#breadcrumb"},"inLanguage":"pt-BR","potentialAction":[{"@type":"ReadAction","target":["https:\/\/esteticasantabeleza.com.br\/blog\/power-shape-preco\/"]}]},{"@type":"ImageObject","inLanguage":"pt-BR","@id":"https:\/\/esteticasantabeleza.com.br\/blog\/power-shape-preco\/#primaryimage","url":"https:\/\/esteticasantabeleza.com.br\/blog\/wp-content\/uploads\/2023\/10\/Power-shape.png","contentUrl":"https:\/\/esteticasantabeleza.com.br\/blog\/wp-content\/uploads\/2023\/10\/Power-shape.png","width":467,"height":497,"caption":"Power Shape sess\u00f5es"},{"@type":"BreadcrumbList","@id":"https:\/\/esteticasantabeleza.com.br\/blog\/power-shape-preco\/#breadcrumb","itemListElement":[{"@type":"ListItem","position":1,"name":"In\u00edcio","item":"https:\/\/esteticasantabeleza.com.br\/blog\/"},{"@type":"ListItem","position":2,"name":"Power Shape Pre\u00e7o: Investindo na Sua Beleza na Santa Beleza"}]},{"@type":"WebSite","@id":"https:\/\/esteticasantabeleza.com.br\/blog\/#website","url":"https:\/\/esteticasantabeleza.com.br\/blog\/","name":"Est\u00e9tica Santa Beleza","description":"Estamos localizados em Moema-SP, com atendimento exclusivo e ambiente discreto. H\u00e1 mais de 10 anos oferecendo tratamentos corporais, faciais e depila\u00e7\u00e3o...","publisher":{"@id":"https:\/\/esteticasantabeleza.com.br\/blog\/#organization"},"potentialAction":[{"@type":"SearchAction","target":{"@type":"EntryPoint","urlTemplate":"https:\/\/esteticasantabeleza.com.br\/blog\/?s={search_term_string}"},"query-input":"required name=search_term_string"}],"inLanguage":"pt-BR"},{"@type":"Organization","@id":"https:\/\/esteticasantabeleza.com.br\/blog\/#organization","name":"Est\u00e9tica Santa Beleza","url":"https:\/\/esteticasantabeleza.com.br\/blog\/","logo":{"@type":"ImageObject","inLanguage":"pt-BR","@id":"https:\/\/esteticasantabeleza.com.br\/blog\/#\/schema\/logo\/image\/","url":"https:\/\/esteticasantabeleza.com.br\/blog\/wp-content\/uploads\/2019\/03\/logo_email-e1465234219101.png","contentUrl":"https:\/\/esteticasantabeleza.com.br\/blog\/wp-content\/uploads\/2019\/03\/logo_email-e1465234219101.png","width":200,"height":93,"caption":"Est\u00e9tica Santa Beleza"},"image":{"@id":"https:\/\/esteticasantabeleza.com.br\/blog\/#\/schema\/logo\/image\/"},"sameAs":["https:\/\/www.facebook.com\/esteticasantablz\/","https:\/\/www.instagram.com\/esteticasantabeleza\/"]}]}},"_links":{"self":[{"href":"https:\/\/esteticasantabeleza.com.br\/blog\/wp-json\/wp\/v2\/pages\/11492"}],"collection":[{"href":"https:\/\/esteticasantabeleza.com.br\/blog\/wp-json\/wp\/v2\/pages"}],"about":[{"href":"https:\/\/esteticasantabeleza.com.br\/blog\/wp-json\/wp\/v2\/types\/page"}],"author":[{"embeddable":true,"href":"https:\/\/esteticasantabeleza.com.br\/blog\/wp-json\/wp\/v2\/users\/21"}],"replies":[{"embeddable":true,"href":"https:\/\/esteticasantabeleza.com.br\/blog\/wp-json\/wp\/v2\/comments?post=11492"}],"version-history":[{"count":2,"href":"https:\/\/esteticasantabeleza.com.br\/blog\/wp-json\/wp\/v2\/pages\/11492\/revisions"}],"predecessor-version":[{"id":12549,"href":"https:\/\/esteticasantabeleza.com.br\/blog\/wp-json\/wp\/v2\/pages\/11492\/revisions\/12549"}],"wp:attachment":[{"href":"https:\/\/esteticasantabeleza.com.br\/blog\/wp-json\/wp\/v2\/media?parent=11492"}],"curies":[{"name":"wp","href":"https:\/\/api.w.org\/{rel}","templated":true}]}}