{"id":6437,"date":"2016-10-25T14:43:12","date_gmt":"2016-10-25T17:43:12","guid":{"rendered":"https:\/\/esteticasantabeleza.com.br\/blog\/?page_id=6437"},"modified":"2024-01-22T08:51:59","modified_gmt":"2024-01-22T11:51:59","slug":"aplicacao-de-enzima-no-itaim","status":"publish","type":"page","link":"https:\/\/esteticasantabeleza.com.br\/blog\/aplicacao-de-enzima-no-itaim\/","title":{"rendered":"Aplica\u00e7\u00e3o de Enzima no Itaim"},"content":{"rendered":"<p><a href=\"https:\/\/esteticasantabeleza.com.br\/blog\/wp-content\/uploads\/2016\/10\/Aplica\u00e7\u00e3o-de-Enzimas-Itaim.jpg\"><img fetchpriority=\"high\" decoding=\"async\" class=\" size-full wp-image-6592 alignleft\" src=\"https:\/\/esteticasantabeleza.com.br\/blog\/wp-content\/uploads\/2016\/10\/Aplica\u00e7\u00e3o-de-Enzimas-Itaim.jpg\" alt=\"Aplica\u00e7\u00e3o de Enzima no Itaim\" width=\"275\" height=\"183\" \/><\/a><\/p>\n<p>Procurando uma cl\u00ednica de est\u00e9tica especializada em <a href=\"https:\/\/esteticasantabeleza.com.br\/blog\/aplicacao-de-enzimas-antes-e-depois\/\"><strong>aplica\u00e7\u00e3o de enzima no Itaim<\/strong><\/a>? A Santa Beleza \u00e9 uma \u00f3tima op\u00e7\u00e3o. Contamos com uma ampla estrutura para atender todas as demandas por <strong>aplica\u00e7\u00e3o de enzima\u00a0<\/strong>com muita compet\u00eancia.<\/p>\n<p>Trabalhamos com o objetivo de corresponder todas as expectativas dos clientes que solicitam <strong>aplica\u00e7\u00e3o de enzima<\/strong>. Somos uma cl\u00ednica que oferece diversas op\u00e7\u00f5es de tratamentos faciais e corporais, como a <strong>aplica\u00e7\u00e3o de enzima<\/strong>.<\/p>\n<h2>Principais informa\u00e7\u00f5es sobre a aplica\u00e7\u00e3o de enzima no Itaim<\/h2>\n<p>A <strong>aplica\u00e7\u00e3o de enzima <\/strong>\u00e9 um tratamento muito eficaz para a elimina\u00e7\u00e3o de gorduras localizadas. A Santa Beleza utiliza produtos e equipamentos de primeira linha para garantir muita precis\u00e3o ao procedimento de <strong>aplica\u00e7\u00e3o de enzima<\/strong>.<\/p>\n<p>Com a <strong>aplica\u00e7\u00e3o de enzima\u00a0<\/strong>\u00e9 poss\u00edvel quebrar mol\u00e9culas de gorduras em diferentes partes do corpo possibilitando a perda de peso. Possu\u00edmos uma equipe de profissionais altamente especializados na \u00e1rea para <strong>aplica\u00e7\u00e3o de enzima<\/strong>.<\/p>\n<p>Realizamos tratamentos como a <strong>aplica\u00e7\u00e3o de enzima <\/strong>em um ambiente agrad\u00e1vel, com salas exclusivas e bem decoradas.<\/p>\n<p>A cl\u00ednica de est\u00e9tica Santa Beleza tamb\u00e9m oferece servi\u00e7os de depila\u00e7\u00e3o, manicure, cabeleireiro, entre outros, al\u00e9m da <strong>aplica\u00e7\u00e3o de enzima<\/strong>.<\/p>\n<h3>A Santa Beleza \u00e9 especializada em aplica\u00e7\u00e3o de enzima<\/h3>\n<p>Entre em contato conosco para obter mais detalhes sobre o tratamento para emagrecimento com <strong>aplica\u00e7\u00e3o de enzima no Itaim<\/strong>.<\/p>\n","protected":false},"excerpt":{"rendered":"<p>Procurando uma cl\u00ednica de est\u00e9tica especializada em aplica\u00e7\u00e3o de enzima no Itaim? A Santa Beleza \u00e9 uma \u00f3tima op\u00e7\u00e3o. Contamos com uma ampla estrutura para atender todas as demandas por aplica\u00e7\u00e3o de enzima\u00a0com muita compet\u00eancia. Trabalhamos com o objetivo de corresponder todas as expectativas dos clientes que solicitam aplica\u00e7\u00e3o de enzima. Somos uma cl\u00ednica que&#8230; <\/p>\n<div class=\"clear\"><\/div>\n<p><a href=\"https:\/\/esteticasantabeleza.com.br\/blog\/aplicacao-de-enzima-no-itaim\/\" class=\"gdlr-button small excerpt-read-more\">Read More<\/a><\/p>\n","protected":false},"author":15,"featured_media":12198,"parent":0,"menu_order":0,"comment_status":"closed","ping_status":"open","template":"page-conversao.php","meta":{"footnotes":""},"yoast_head":"<!-- This site is optimized with the Yoast SEO Premium plugin v21.6 (Yoast SEO v22.4) - https:\/\/yoast.com\/wordpress\/plugins\/seo\/ -->\n<title>Aplica\u00e7\u00e3o de Enzima no Itaim - Est\u00e9tica Santa Beleza<\/title>\n<meta name=\"description\" content=\"Deseja realizar Aplica\u00e7\u00e3o de Enzima no Itaim? Conte com a Est\u00e9tica Santa Beleza para a sua aplica\u00e7\u00e3o de enzimas! Aqui dispomos de profissi...\" \/>\n<meta name=\"robots\" content=\"index, follow, max-snippet:-1, max-image-preview:large, max-video-preview:-1\" \/>\n<link rel=\"canonical\" href=\"https:\/\/esteticasantabeleza.com.br\/blog\/aplicacao-de-enzima-no-itaim\/\" \/>\n<meta property=\"og:locale\" content=\"pt_BR\" \/>\n<meta property=\"og:type\" content=\"article\" \/>\n<meta property=\"og:title\" content=\"Aplica\u00e7\u00e3o de Enzima no Itaim\" \/>\n<meta property=\"og:description\" content=\"Deseja realizar Aplica\u00e7\u00e3o de Enzima no Itaim? Conte com a Est\u00e9tica Santa Beleza para a sua aplica\u00e7\u00e3o de enzimas! Aqui dispomos de profissi...\" \/>\n<meta property=\"og:url\" content=\"https:\/\/esteticasantabeleza.com.br\/blog\/aplicacao-de-enzima-no-itaim\/\" \/>\n<meta property=\"og:site_name\" content=\"Santa Beleza\" \/>\n<meta property=\"article:publisher\" content=\"https:\/\/www.facebook.com\/esteticasantablz\/\" \/>\n<meta property=\"article:modified_time\" content=\"2024-01-22T11:51:59+00:00\" \/>\n<meta property=\"og:image\" content=\"https:\/\/esteticasantabeleza.com.br\/blog\/wp-content\/uploads\/2024\/01\/Aplicacao-de-Enzima-no-Itaim.jpg\" \/>\n\t<meta property=\"og:image:width\" content=\"275\" \/>\n\t<meta property=\"og:image:height\" content=\"183\" \/>\n\t<meta property=\"og:image:type\" content=\"image\/jpeg\" \/>\n<meta name=\"twitter:card\" content=\"summary_large_image\" \/>\n<meta name=\"twitter:label1\" content=\"Est. tempo de leitura\" \/>\n\t<meta name=\"twitter:data1\" content=\"2 minutos\" \/>\n<script type=\"application\/ld+json\" class=\"yoast-schema-graph\">{\"@context\":\"https:\/\/schema.org\",\"@graph\":[{\"@type\":\"WebPage\",\"@id\":\"https:\/\/esteticasantabeleza.com.br\/blog\/aplicacao-de-enzima-no-itaim\/\",\"url\":\"https:\/\/esteticasantabeleza.com.br\/blog\/aplicacao-de-enzima-no-itaim\/\",\"name\":\"Aplica\u00e7\u00e3o de Enzima no Itaim - Est\u00e9tica Santa Beleza\",\"isPartOf\":{\"@id\":\"https:\/\/esteticasantabeleza.com.br\/blog\/#website\"},\"primaryImageOfPage\":{\"@id\":\"https:\/\/esteticasantabeleza.com.br\/blog\/aplicacao-de-enzima-no-itaim\/#primaryimage\"},\"image\":{\"@id\":\"https:\/\/esteticasantabeleza.com.br\/blog\/aplicacao-de-enzima-no-itaim\/#primaryimage\"},\"thumbnailUrl\":\"https:\/\/esteticasantabeleza.com.br\/blog\/wp-content\/uploads\/2024\/01\/Aplicacao-de-Enzima-no-Itaim.jpg\",\"datePublished\":\"2016-10-25T17:43:12+00:00\",\"dateModified\":\"2024-01-22T11:51:59+00:00\",\"description\":\"Deseja realizar Aplica\u00e7\u00e3o de Enzima no Itaim? Conte com a Est\u00e9tica Santa Beleza para a sua aplica\u00e7\u00e3o de enzimas! Aqui dispomos de profissi...\",\"breadcrumb\":{\"@id\":\"https:\/\/esteticasantabeleza.com.br\/blog\/aplicacao-de-enzima-no-itaim\/#breadcrumb\"},\"inLanguage\":\"pt-BR\",\"potentialAction\":[{\"@type\":\"ReadAction\",\"target\":[\"https:\/\/esteticasantabeleza.com.br\/blog\/aplicacao-de-enzima-no-itaim\/\"]}]},{\"@type\":\"ImageObject\",\"inLanguage\":\"pt-BR\",\"@id\":\"https:\/\/esteticasantabeleza.com.br\/blog\/aplicacao-de-enzima-no-itaim\/#primaryimage\",\"url\":\"https:\/\/esteticasantabeleza.com.br\/blog\/wp-content\/uploads\/2024\/01\/Aplicacao-de-Enzima-no-Itaim.jpg\",\"contentUrl\":\"https:\/\/esteticasantabeleza.com.br\/blog\/wp-content\/uploads\/2024\/01\/Aplicacao-de-Enzima-no-Itaim.jpg\",\"width\":275,\"height\":183,\"caption\":\"Aplica\u00e7\u00e3o de Enzima no Itaim\"},{\"@type\":\"BreadcrumbList\",\"@id\":\"https:\/\/esteticasantabeleza.com.br\/blog\/aplicacao-de-enzima-no-itaim\/#breadcrumb\",\"itemListElement\":[{\"@type\":\"ListItem\",\"position\":1,\"name\":\"In\u00edcio\",\"item\":\"https:\/\/esteticasantabeleza.com.br\/blog\/\"},{\"@type\":\"ListItem\",\"position\":2,\"name\":\"Aplica\u00e7\u00e3o de Enzima no Itaim\"}]},{\"@type\":\"WebSite\",\"@id\":\"https:\/\/esteticasantabeleza.com.br\/blog\/#website\",\"url\":\"https:\/\/esteticasantabeleza.com.br\/blog\/\",\"name\":\"Est\u00e9tica Santa Beleza\",\"description\":\"Estamos localizados em Moema-SP, com atendimento exclusivo e ambiente discreto. H\u00e1 mais de 10 anos oferecendo tratamentos corporais, faciais e depila\u00e7\u00e3o...\",\"publisher\":{\"@id\":\"https:\/\/esteticasantabeleza.com.br\/blog\/#organization\"},\"potentialAction\":[{\"@type\":\"SearchAction\",\"target\":{\"@type\":\"EntryPoint\",\"urlTemplate\":\"https:\/\/esteticasantabeleza.com.br\/blog\/?s={search_term_string}\"},\"query-input\":\"required name=search_term_string\"}],\"inLanguage\":\"pt-BR\"},{\"@type\":\"Organization\",\"@id\":\"https:\/\/esteticasantabeleza.com.br\/blog\/#organization\",\"name\":\"Est\u00e9tica Santa Beleza\",\"url\":\"https:\/\/esteticasantabeleza.com.br\/blog\/\",\"logo\":{\"@type\":\"ImageObject\",\"inLanguage\":\"pt-BR\",\"@id\":\"https:\/\/esteticasantabeleza.com.br\/blog\/#\/schema\/logo\/image\/\",\"url\":\"https:\/\/esteticasantabeleza.com.br\/blog\/wp-content\/uploads\/2019\/03\/logo_email-e1465234219101.png\",\"contentUrl\":\"https:\/\/esteticasantabeleza.com.br\/blog\/wp-content\/uploads\/2019\/03\/logo_email-e1465234219101.png\",\"width\":200,\"height\":93,\"caption\":\"Est\u00e9tica Santa Beleza\"},\"image\":{\"@id\":\"https:\/\/esteticasantabeleza.com.br\/blog\/#\/schema\/logo\/image\/\"},\"sameAs\":[\"https:\/\/www.facebook.com\/esteticasantablz\/\",\"https:\/\/www.instagram.com\/esteticasantabeleza\/\"]}]}<\/script>\n<!-- \/ Yoast SEO Premium plugin. -->","yoast_head_json":{"title":"Aplica\u00e7\u00e3o de Enzima no Itaim - Est\u00e9tica Santa Beleza","description":"Deseja realizar Aplica\u00e7\u00e3o de Enzima no Itaim? Conte com a Est\u00e9tica Santa Beleza para a sua aplica\u00e7\u00e3o de enzimas! Aqui dispomos de profissi...","robots":{"index":"index","follow":"follow","max-snippet":"max-snippet:-1","max-image-preview":"max-image-preview:large","max-video-preview":"max-video-preview:-1"},"canonical":"https:\/\/esteticasantabeleza.com.br\/blog\/aplicacao-de-enzima-no-itaim\/","og_locale":"pt_BR","og_type":"article","og_title":"Aplica\u00e7\u00e3o de Enzima no Itaim","og_description":"Deseja realizar Aplica\u00e7\u00e3o de Enzima no Itaim? Conte com a Est\u00e9tica Santa Beleza para a sua aplica\u00e7\u00e3o de enzimas! Aqui dispomos de profissi...","og_url":"https:\/\/esteticasantabeleza.com.br\/blog\/aplicacao-de-enzima-no-itaim\/","og_site_name":"Santa Beleza","article_publisher":"https:\/\/www.facebook.com\/esteticasantablz\/","article_modified_time":"2024-01-22T11:51:59+00:00","og_image":[{"width":275,"height":183,"url":"https:\/\/esteticasantabeleza.com.br\/blog\/wp-content\/uploads\/2024\/01\/Aplicacao-de-Enzima-no-Itaim.jpg","type":"image\/jpeg"}],"twitter_card":"summary_large_image","twitter_misc":{"Est. tempo de leitura":"2 minutos"},"schema":{"@context":"https:\/\/schema.org","@graph":[{"@type":"WebPage","@id":"https:\/\/esteticasantabeleza.com.br\/blog\/aplicacao-de-enzima-no-itaim\/","url":"https:\/\/esteticasantabeleza.com.br\/blog\/aplicacao-de-enzima-no-itaim\/","name":"Aplica\u00e7\u00e3o de Enzima no Itaim - Est\u00e9tica Santa Beleza","isPartOf":{"@id":"https:\/\/esteticasantabeleza.com.br\/blog\/#website"},"primaryImageOfPage":{"@id":"https:\/\/esteticasantabeleza.com.br\/blog\/aplicacao-de-enzima-no-itaim\/#primaryimage"},"image":{"@id":"https:\/\/esteticasantabeleza.com.br\/blog\/aplicacao-de-enzima-no-itaim\/#primaryimage"},"thumbnailUrl":"https:\/\/esteticasantabeleza.com.br\/blog\/wp-content\/uploads\/2024\/01\/Aplicacao-de-Enzima-no-Itaim.jpg","datePublished":"2016-10-25T17:43:12+00:00","dateModified":"2024-01-22T11:51:59+00:00","description":"Deseja realizar Aplica\u00e7\u00e3o de Enzima no Itaim? Conte com a Est\u00e9tica Santa Beleza para a sua aplica\u00e7\u00e3o de enzimas! Aqui dispomos de profissi...","breadcrumb":{"@id":"https:\/\/esteticasantabeleza.com.br\/blog\/aplicacao-de-enzima-no-itaim\/#breadcrumb"},"inLanguage":"pt-BR","potentialAction":[{"@type":"ReadAction","target":["https:\/\/esteticasantabeleza.com.br\/blog\/aplicacao-de-enzima-no-itaim\/"]}]},{"@type":"ImageObject","inLanguage":"pt-BR","@id":"https:\/\/esteticasantabeleza.com.br\/blog\/aplicacao-de-enzima-no-itaim\/#primaryimage","url":"https:\/\/esteticasantabeleza.com.br\/blog\/wp-content\/uploads\/2024\/01\/Aplicacao-de-Enzima-no-Itaim.jpg","contentUrl":"https:\/\/esteticasantabeleza.com.br\/blog\/wp-content\/uploads\/2024\/01\/Aplicacao-de-Enzima-no-Itaim.jpg","width":275,"height":183,"caption":"Aplica\u00e7\u00e3o de Enzima no Itaim"},{"@type":"BreadcrumbList","@id":"https:\/\/esteticasantabeleza.com.br\/blog\/aplicacao-de-enzima-no-itaim\/#breadcrumb","itemListElement":[{"@type":"ListItem","position":1,"name":"In\u00edcio","item":"https:\/\/esteticasantabeleza.com.br\/blog\/"},{"@type":"ListItem","position":2,"name":"Aplica\u00e7\u00e3o de Enzima no Itaim"}]},{"@type":"WebSite","@id":"https:\/\/esteticasantabeleza.com.br\/blog\/#website","url":"https:\/\/esteticasantabeleza.com.br\/blog\/","name":"Est\u00e9tica Santa Beleza","description":"Estamos localizados em Moema-SP, com atendimento exclusivo e ambiente discreto. H\u00e1 mais de 10 anos oferecendo tratamentos corporais, faciais e depila\u00e7\u00e3o...","publisher":{"@id":"https:\/\/esteticasantabeleza.com.br\/blog\/#organization"},"potentialAction":[{"@type":"SearchAction","target":{"@type":"EntryPoint","urlTemplate":"https:\/\/esteticasantabeleza.com.br\/blog\/?s={search_term_string}"},"query-input":"required name=search_term_string"}],"inLanguage":"pt-BR"},{"@type":"Organization","@id":"https:\/\/esteticasantabeleza.com.br\/blog\/#organization","name":"Est\u00e9tica Santa Beleza","url":"https:\/\/esteticasantabeleza.com.br\/blog\/","logo":{"@type":"ImageObject","inLanguage":"pt-BR","@id":"https:\/\/esteticasantabeleza.com.br\/blog\/#\/schema\/logo\/image\/","url":"https:\/\/esteticasantabeleza.com.br\/blog\/wp-content\/uploads\/2019\/03\/logo_email-e1465234219101.png","contentUrl":"https:\/\/esteticasantabeleza.com.br\/blog\/wp-content\/uploads\/2019\/03\/logo_email-e1465234219101.png","width":200,"height":93,"caption":"Est\u00e9tica Santa Beleza"},"image":{"@id":"https:\/\/esteticasantabeleza.com.br\/blog\/#\/schema\/logo\/image\/"},"sameAs":["https:\/\/www.facebook.com\/esteticasantablz\/","https:\/\/www.instagram.com\/esteticasantabeleza\/"]}]}},"_links":{"self":[{"href":"https:\/\/esteticasantabeleza.com.br\/blog\/wp-json\/wp\/v2\/pages\/6437"}],"collection":[{"href":"https:\/\/esteticasantabeleza.com.br\/blog\/wp-json\/wp\/v2\/pages"}],"about":[{"href":"https:\/\/esteticasantabeleza.com.br\/blog\/wp-json\/wp\/v2\/types\/page"}],"author":[{"embeddable":true,"href":"https:\/\/esteticasantabeleza.com.br\/blog\/wp-json\/wp\/v2\/users\/15"}],"replies":[{"embeddable":true,"href":"https:\/\/esteticasantabeleza.com.br\/blog\/wp-json\/wp\/v2\/comments?post=6437"}],"version-history":[{"count":10,"href":"https:\/\/esteticasantabeleza.com.br\/blog\/wp-json\/wp\/v2\/pages\/6437\/revisions"}],"predecessor-version":[{"id":12385,"href":"https:\/\/esteticasantabeleza.com.br\/blog\/wp-json\/wp\/v2\/pages\/6437\/revisions\/12385"}],"wp:featuredmedia":[{"embeddable":true,"href":"https:\/\/esteticasantabeleza.com.br\/blog\/wp-json\/wp\/v2\/media\/12198"}],"wp:attachment":[{"href":"https:\/\/esteticasantabeleza.com.br\/blog\/wp-json\/wp\/v2\/media?parent=6437"}],"curies":[{"name":"wp","href":"https:\/\/api.w.org\/{rel}","templated":true}]}}