{"id":6445,"date":"2016-10-25T15:02:27","date_gmt":"2016-10-25T18:02:27","guid":{"rendered":"https:\/\/esteticasantabeleza.com.br\/blog\/?page_id=6445"},"modified":"2024-01-22T10:43:34","modified_gmt":"2024-01-22T13:43:34","slug":"clinica-de-emagrecimento-em-moema","status":"publish","type":"page","link":"https:\/\/esteticasantabeleza.com.br\/blog\/clinica-de-emagrecimento-em-moema\/","title":{"rendered":"Cl\u00ednica de Emagrecimento em Moema"},"content":{"rendered":"<p><img fetchpriority=\"high\" decoding=\"async\" class=\"size-medium wp-image-6291 alignleft\" src=\"https:\/\/esteticasantabeleza.com.br\/blog\/wp-content\/uploads\/2015\/05\/12523545_1641914306071656_2104554635_n-300x300.jpg\" alt=\"Cl\u00ednica de emagrecimento em Moema\" width=\"300\" height=\"300\" srcset=\"https:\/\/esteticasantabeleza.com.br\/blog\/wp-content\/uploads\/2015\/05\/12523545_1641914306071656_2104554635_n-300x300.jpg 300w, https:\/\/esteticasantabeleza.com.br\/blog\/wp-content\/uploads\/2015\/05\/12523545_1641914306071656_2104554635_n-150x150.jpg 150w, https:\/\/esteticasantabeleza.com.br\/blog\/wp-content\/uploads\/2015\/05\/12523545_1641914306071656_2104554635_n-1021x1024.jpg 1021w, https:\/\/esteticasantabeleza.com.br\/blog\/wp-content\/uploads\/2015\/05\/12523545_1641914306071656_2104554635_n-180x180.jpg 180w, https:\/\/esteticasantabeleza.com.br\/blog\/wp-content\/uploads\/2015\/05\/12523545_1641914306071656_2104554635_n-600x600.jpg 600w, https:\/\/esteticasantabeleza.com.br\/blog\/wp-content\/uploads\/2015\/05\/12523545_1641914306071656_2104554635_n-400x400.jpg 400w, https:\/\/esteticasantabeleza.com.br\/blog\/wp-content\/uploads\/2015\/05\/12523545_1641914306071656_2104554635_n.jpg 1080w\" sizes=\"(max-width: 300px) 100vw, 300px\" \/><\/p>\n<p>Procurando uma excelente <strong>Cl\u00ednica de Emagrecimento em Moema<\/strong>? A Cl\u00ednica est\u00e9tica Santa Beleza \u00e9 uma \u00f3tima op\u00e7\u00e3o. Somos uma <strong>Cl\u00ednica de Emagrecimento <\/strong>que trabalha com o objetivo de atender com muita efici\u00eancia todas as necessidades dos clientes.<\/p>\n<p>A <strong>Cl\u00ednica de Emagrecimento em Moema <\/strong>\u00e9 reconhecida por oferecer tratamentos eficazes para a elimina\u00e7\u00e3o de gordura. A <strong>Cl\u00ednica de Emagrecimento <\/strong>conta com uma ampla estrutura para atender todas as demandas com compet\u00eancia.<\/p>\n<h2>Mais informa\u00e7\u00f5es sobre a Cl\u00ednica de Emagrecimento em Moema<\/h2>\n<p>A Santa Beleza \u00e9 uma <strong>Cl\u00ednica de Emagrecimento <\/strong>que conta com uma equipe de profissionais altamente capacitados. A<strong> Cl\u00ednica de Emagrecimento\u00a0 <\/strong>disponibiliza aos clientes uma grande variedade de tratamentos.<\/p>\n<p>Somos uma <strong>Cl\u00ednica de Emagrecimento <\/strong>que utiliza equipamentos de tecnologia avan\u00e7ada em todos os tratamentos. A <strong>Cl\u00ednica de Emagrecimento <\/strong>oferece tratamentos para elimina\u00e7\u00e3o de gordura localizada, estrias, celulites e flacidez.<\/p>\n<p>A <strong>Cl\u00ednica de Emagrecimento <\/strong>oferece diferentes tipos de massagens modeladoras e drenagens.<\/p>\n<p>A Santa Beleza \u00e9 uma <strong>Cl\u00ednica de Emagrecimento <\/strong>que oferece atendimento exclusivo em um ambiente discreto e aconchegante.<\/p>\n<h3>A Santa Beleza \u00e9 uma Cl\u00ednica de Emagrecimento em Moema<\/h3>\n<p>Entre em contato conosco para saber mais sobre os tratamentos realizados pela Cl\u00ednica est\u00e9tica Santa Beleza\u00a0 a sua <strong>Cl\u00ednica de Emagrecimento<\/strong>.<\/p>\n<p><span style=\"font-size: revert; color: initial;\">Veja Tambem:\u00a0<\/span><a style=\"font-size: revert;\" title=\"Santa Beleza: sua op\u00e7\u00e3o premium para criolip\u00f3lise S\u00e3o Paulo\" href=\"https:\/\/esteticasantabeleza.com.br\/blog\/criolipolise-sao-paulo\/\" rel=\"nofollow\" data-wplink-edit=\"true\">Santa Beleza: sua op\u00e7\u00e3o premium para criolip\u00f3lise S\u00e3o Paulo<\/a><span style=\"font-size: revert; color: initial;\">,\u00a0<\/span><a style=\"font-size: revert;\" title=\"Cl\u00ednica de Criolip\u00f3lise Zona Sul SP: Descubra o caminho para uma silhueta mais contornada na Santa Beleza\" href=\"https:\/\/esteticasantabeleza.com.br\/blog\/clinica-de-criolipolise-zona-sul-sp\/\" rel=\"nofollow\">Cl\u00ednica de Criolip\u00f3lise Zona Sul SP: Descubra o caminho para uma silhueta mais contornada na Santa Beleza<\/a><span style=\"font-size: revert; color: initial;\">,\u00a0<\/span><a style=\"font-size: revert;\" title=\"Aplica\u00e7\u00e3o de Enzimas Sess\u00f5es: Descubra o Caminho para a Transforma\u00e7\u00e3o na Santa Beleza\" href=\"https:\/\/esteticasantabeleza.com.br\/blog\/aplicacao-de-enzimas-zona-sul\/\" rel=\"nofollow\">Aplica\u00e7\u00e3o de Enzimas Sess\u00f5es: Descubra o Caminho para a Transforma\u00e7\u00e3o na Santa Beleza<\/a><span style=\"font-size: revert; color: initial;\">,\u00a0<\/span><a style=\"font-size: revert;\" title=\"Cl\u00ednica de Emagrecimento S\u00e3o Paulo: A Jornada para um Corpo Saud\u00e1vel com a Santa Beleza\" href=\"https:\/\/esteticasantabeleza.com.br\/blog\/clinica-de-emagrecimento-sao-paulo\/\" rel=\"nofollow\">Cl\u00ednica de Emagrecimento S\u00e3o Paulo: A Jornada para um Corpo Saud\u00e1vel com a Santa Beleza<\/a><span style=\"font-size: revert; color: initial;\">,\u00a0<\/span><a style=\"font-size: revert;\" title=\"Laser Lavien valor 2023 na Santa Beleza: saiba por que investir nesse tratamento\" href=\"https:\/\/esteticasantabeleza.com.br\/blog\/lavien-valor-2023\/\" rel=\"nofollow\">Laser Lavien valor 2023 na Santa Beleza: saiba por que investir nesse tratamento<\/a><\/p>\n","protected":false},"excerpt":{"rendered":"<p>Procurando uma excelente Cl\u00ednica de Emagrecimento em Moema? A Cl\u00ednica est\u00e9tica Santa Beleza \u00e9 uma \u00f3tima op\u00e7\u00e3o. Somos uma Cl\u00ednica de Emagrecimento que trabalha com o objetivo de atender com muita efici\u00eancia todas as necessidades dos clientes. A Cl\u00ednica de Emagrecimento em Moema \u00e9 reconhecida por oferecer tratamentos eficazes para a elimina\u00e7\u00e3o de gordura. A&#8230; <\/p>\n<div class=\"clear\"><\/div>\n<p><a href=\"https:\/\/esteticasantabeleza.com.br\/blog\/clinica-de-emagrecimento-em-moema\/\" class=\"gdlr-button small excerpt-read-more\">Read More<\/a><\/p>\n","protected":false},"author":15,"featured_media":0,"parent":0,"menu_order":0,"comment_status":"closed","ping_status":"open","template":"page-conversao.php","meta":{"footnotes":""},"yoast_head":"<!-- This site is optimized with the Yoast SEO Premium plugin v21.6 (Yoast SEO v22.4) - https:\/\/yoast.com\/wordpress\/plugins\/seo\/ -->\n<title>Cl\u00ednica de Emagrecimento em Moema - Est\u00e9tica Santa Beleza<\/title>\n<meta name=\"description\" content=\"Quer perder aqueles quilinhos? Venha para a Cl\u00ednica de Emagrecimento em Moema Santa Beleza, agende uma visita e confira muito mais sobre...\" \/>\n<meta name=\"robots\" content=\"index, follow, max-snippet:-1, max-image-preview:large, max-video-preview:-1\" \/>\n<link rel=\"canonical\" href=\"https:\/\/esteticasantabeleza.com.br\/blog\/clinica-de-emagrecimento-em-moema\/\" \/>\n<meta property=\"og:locale\" content=\"pt_BR\" \/>\n<meta property=\"og:type\" content=\"article\" \/>\n<meta property=\"og:title\" content=\"Cl\u00ednica de Emagrecimento em Moema\" \/>\n<meta property=\"og:description\" content=\"Quer perder aqueles quilinhos? Venha para a Cl\u00ednica de Emagrecimento em Moema Santa Beleza, agende uma visita e confira muito mais sobre...\" \/>\n<meta property=\"og:url\" content=\"https:\/\/esteticasantabeleza.com.br\/blog\/clinica-de-emagrecimento-em-moema\/\" \/>\n<meta property=\"og:site_name\" content=\"Santa Beleza\" \/>\n<meta property=\"article:publisher\" content=\"https:\/\/www.facebook.com\/esteticasantablz\/\" \/>\n<meta property=\"article:modified_time\" content=\"2024-01-22T13:43:34+00:00\" \/>\n<meta property=\"og:image\" content=\"https:\/\/esteticasantabeleza.com.br\/blog\/wp-content\/uploads\/2015\/05\/12523545_1641914306071656_2104554635_n-300x300.jpg\" \/>\n<meta name=\"twitter:card\" content=\"summary_large_image\" \/>\n<meta name=\"twitter:label1\" content=\"Est. tempo de leitura\" \/>\n\t<meta name=\"twitter:data1\" content=\"2 minutos\" \/>\n<script type=\"application\/ld+json\" class=\"yoast-schema-graph\">{\"@context\":\"https:\/\/schema.org\",\"@graph\":[{\"@type\":\"WebPage\",\"@id\":\"https:\/\/esteticasantabeleza.com.br\/blog\/clinica-de-emagrecimento-em-moema\/\",\"url\":\"https:\/\/esteticasantabeleza.com.br\/blog\/clinica-de-emagrecimento-em-moema\/\",\"name\":\"Cl\u00ednica de Emagrecimento em Moema - Est\u00e9tica Santa Beleza\",\"isPartOf\":{\"@id\":\"https:\/\/esteticasantabeleza.com.br\/blog\/#website\"},\"primaryImageOfPage\":{\"@id\":\"https:\/\/esteticasantabeleza.com.br\/blog\/clinica-de-emagrecimento-em-moema\/#primaryimage\"},\"image\":{\"@id\":\"https:\/\/esteticasantabeleza.com.br\/blog\/clinica-de-emagrecimento-em-moema\/#primaryimage\"},\"thumbnailUrl\":\"https:\/\/esteticasantabeleza.com.br\/blog\/wp-content\/uploads\/2015\/05\/12523545_1641914306071656_2104554635_n-300x300.jpg\",\"datePublished\":\"2016-10-25T18:02:27+00:00\",\"dateModified\":\"2024-01-22T13:43:34+00:00\",\"description\":\"Quer perder aqueles quilinhos? Venha para a Cl\u00ednica de Emagrecimento em Moema Santa Beleza, agende uma visita e confira muito mais sobre...\",\"breadcrumb\":{\"@id\":\"https:\/\/esteticasantabeleza.com.br\/blog\/clinica-de-emagrecimento-em-moema\/#breadcrumb\"},\"inLanguage\":\"pt-BR\",\"potentialAction\":[{\"@type\":\"ReadAction\",\"target\":[\"https:\/\/esteticasantabeleza.com.br\/blog\/clinica-de-emagrecimento-em-moema\/\"]}]},{\"@type\":\"ImageObject\",\"inLanguage\":\"pt-BR\",\"@id\":\"https:\/\/esteticasantabeleza.com.br\/blog\/clinica-de-emagrecimento-em-moema\/#primaryimage\",\"url\":\"https:\/\/esteticasantabeleza.com.br\/blog\/wp-content\/uploads\/2015\/05\/12523545_1641914306071656_2104554635_n.jpg\",\"contentUrl\":\"https:\/\/esteticasantabeleza.com.br\/blog\/wp-content\/uploads\/2015\/05\/12523545_1641914306071656_2104554635_n.jpg\",\"width\":1080,\"height\":1083,\"caption\":\"Desconfort\u00e1vel ap\u00f3s as in\u00fameras refei\u00e7\u00f5es das festas de fim de ano? Valorize seu bem estar e marque uma avalia\u00e7\u00e3o conosco!\"},{\"@type\":\"BreadcrumbList\",\"@id\":\"https:\/\/esteticasantabeleza.com.br\/blog\/clinica-de-emagrecimento-em-moema\/#breadcrumb\",\"itemListElement\":[{\"@type\":\"ListItem\",\"position\":1,\"name\":\"In\u00edcio\",\"item\":\"https:\/\/esteticasantabeleza.com.br\/blog\/\"},{\"@type\":\"ListItem\",\"position\":2,\"name\":\"Cl\u00ednica de Emagrecimento em Moema\"}]},{\"@type\":\"WebSite\",\"@id\":\"https:\/\/esteticasantabeleza.com.br\/blog\/#website\",\"url\":\"https:\/\/esteticasantabeleza.com.br\/blog\/\",\"name\":\"Est\u00e9tica Santa Beleza\",\"description\":\"Estamos localizados em Moema-SP, com atendimento exclusivo e ambiente discreto. H\u00e1 mais de 10 anos oferecendo tratamentos corporais, faciais e depila\u00e7\u00e3o...\",\"publisher\":{\"@id\":\"https:\/\/esteticasantabeleza.com.br\/blog\/#organization\"},\"potentialAction\":[{\"@type\":\"SearchAction\",\"target\":{\"@type\":\"EntryPoint\",\"urlTemplate\":\"https:\/\/esteticasantabeleza.com.br\/blog\/?s={search_term_string}\"},\"query-input\":\"required name=search_term_string\"}],\"inLanguage\":\"pt-BR\"},{\"@type\":\"Organization\",\"@id\":\"https:\/\/esteticasantabeleza.com.br\/blog\/#organization\",\"name\":\"Est\u00e9tica Santa Beleza\",\"url\":\"https:\/\/esteticasantabeleza.com.br\/blog\/\",\"logo\":{\"@type\":\"ImageObject\",\"inLanguage\":\"pt-BR\",\"@id\":\"https:\/\/esteticasantabeleza.com.br\/blog\/#\/schema\/logo\/image\/\",\"url\":\"https:\/\/esteticasantabeleza.com.br\/blog\/wp-content\/uploads\/2019\/03\/logo_email-e1465234219101.png\",\"contentUrl\":\"https:\/\/esteticasantabeleza.com.br\/blog\/wp-content\/uploads\/2019\/03\/logo_email-e1465234219101.png\",\"width\":200,\"height\":93,\"caption\":\"Est\u00e9tica Santa Beleza\"},\"image\":{\"@id\":\"https:\/\/esteticasantabeleza.com.br\/blog\/#\/schema\/logo\/image\/\"},\"sameAs\":[\"https:\/\/www.facebook.com\/esteticasantablz\/\",\"https:\/\/www.instagram.com\/esteticasantabeleza\/\"]}]}<\/script>\n<!-- \/ Yoast SEO Premium plugin. -->","yoast_head_json":{"title":"Cl\u00ednica de Emagrecimento em Moema - Est\u00e9tica Santa Beleza","description":"Quer perder aqueles quilinhos? Venha para a Cl\u00ednica de Emagrecimento em Moema Santa Beleza, agende uma visita e confira muito mais sobre...","robots":{"index":"index","follow":"follow","max-snippet":"max-snippet:-1","max-image-preview":"max-image-preview:large","max-video-preview":"max-video-preview:-1"},"canonical":"https:\/\/esteticasantabeleza.com.br\/blog\/clinica-de-emagrecimento-em-moema\/","og_locale":"pt_BR","og_type":"article","og_title":"Cl\u00ednica de Emagrecimento em Moema","og_description":"Quer perder aqueles quilinhos? Venha para a Cl\u00ednica de Emagrecimento em Moema Santa Beleza, agende uma visita e confira muito mais sobre...","og_url":"https:\/\/esteticasantabeleza.com.br\/blog\/clinica-de-emagrecimento-em-moema\/","og_site_name":"Santa Beleza","article_publisher":"https:\/\/www.facebook.com\/esteticasantablz\/","article_modified_time":"2024-01-22T13:43:34+00:00","og_image":[{"url":"https:\/\/esteticasantabeleza.com.br\/blog\/wp-content\/uploads\/2015\/05\/12523545_1641914306071656_2104554635_n-300x300.jpg"}],"twitter_card":"summary_large_image","twitter_misc":{"Est. tempo de leitura":"2 minutos"},"schema":{"@context":"https:\/\/schema.org","@graph":[{"@type":"WebPage","@id":"https:\/\/esteticasantabeleza.com.br\/blog\/clinica-de-emagrecimento-em-moema\/","url":"https:\/\/esteticasantabeleza.com.br\/blog\/clinica-de-emagrecimento-em-moema\/","name":"Cl\u00ednica de Emagrecimento em Moema - Est\u00e9tica Santa Beleza","isPartOf":{"@id":"https:\/\/esteticasantabeleza.com.br\/blog\/#website"},"primaryImageOfPage":{"@id":"https:\/\/esteticasantabeleza.com.br\/blog\/clinica-de-emagrecimento-em-moema\/#primaryimage"},"image":{"@id":"https:\/\/esteticasantabeleza.com.br\/blog\/clinica-de-emagrecimento-em-moema\/#primaryimage"},"thumbnailUrl":"https:\/\/esteticasantabeleza.com.br\/blog\/wp-content\/uploads\/2015\/05\/12523545_1641914306071656_2104554635_n-300x300.jpg","datePublished":"2016-10-25T18:02:27+00:00","dateModified":"2024-01-22T13:43:34+00:00","description":"Quer perder aqueles quilinhos? Venha para a Cl\u00ednica de Emagrecimento em Moema Santa Beleza, agende uma visita e confira muito mais sobre...","breadcrumb":{"@id":"https:\/\/esteticasantabeleza.com.br\/blog\/clinica-de-emagrecimento-em-moema\/#breadcrumb"},"inLanguage":"pt-BR","potentialAction":[{"@type":"ReadAction","target":["https:\/\/esteticasantabeleza.com.br\/blog\/clinica-de-emagrecimento-em-moema\/"]}]},{"@type":"ImageObject","inLanguage":"pt-BR","@id":"https:\/\/esteticasantabeleza.com.br\/blog\/clinica-de-emagrecimento-em-moema\/#primaryimage","url":"https:\/\/esteticasantabeleza.com.br\/blog\/wp-content\/uploads\/2015\/05\/12523545_1641914306071656_2104554635_n.jpg","contentUrl":"https:\/\/esteticasantabeleza.com.br\/blog\/wp-content\/uploads\/2015\/05\/12523545_1641914306071656_2104554635_n.jpg","width":1080,"height":1083,"caption":"Desconfort\u00e1vel ap\u00f3s as in\u00fameras refei\u00e7\u00f5es das festas de fim de ano? Valorize seu bem estar e marque uma avalia\u00e7\u00e3o conosco!"},{"@type":"BreadcrumbList","@id":"https:\/\/esteticasantabeleza.com.br\/blog\/clinica-de-emagrecimento-em-moema\/#breadcrumb","itemListElement":[{"@type":"ListItem","position":1,"name":"In\u00edcio","item":"https:\/\/esteticasantabeleza.com.br\/blog\/"},{"@type":"ListItem","position":2,"name":"Cl\u00ednica de Emagrecimento em Moema"}]},{"@type":"WebSite","@id":"https:\/\/esteticasantabeleza.com.br\/blog\/#website","url":"https:\/\/esteticasantabeleza.com.br\/blog\/","name":"Est\u00e9tica Santa Beleza","description":"Estamos localizados em Moema-SP, com atendimento exclusivo e ambiente discreto. H\u00e1 mais de 10 anos oferecendo tratamentos corporais, faciais e depila\u00e7\u00e3o...","publisher":{"@id":"https:\/\/esteticasantabeleza.com.br\/blog\/#organization"},"potentialAction":[{"@type":"SearchAction","target":{"@type":"EntryPoint","urlTemplate":"https:\/\/esteticasantabeleza.com.br\/blog\/?s={search_term_string}"},"query-input":"required name=search_term_string"}],"inLanguage":"pt-BR"},{"@type":"Organization","@id":"https:\/\/esteticasantabeleza.com.br\/blog\/#organization","name":"Est\u00e9tica Santa Beleza","url":"https:\/\/esteticasantabeleza.com.br\/blog\/","logo":{"@type":"ImageObject","inLanguage":"pt-BR","@id":"https:\/\/esteticasantabeleza.com.br\/blog\/#\/schema\/logo\/image\/","url":"https:\/\/esteticasantabeleza.com.br\/blog\/wp-content\/uploads\/2019\/03\/logo_email-e1465234219101.png","contentUrl":"https:\/\/esteticasantabeleza.com.br\/blog\/wp-content\/uploads\/2019\/03\/logo_email-e1465234219101.png","width":200,"height":93,"caption":"Est\u00e9tica Santa Beleza"},"image":{"@id":"https:\/\/esteticasantabeleza.com.br\/blog\/#\/schema\/logo\/image\/"},"sameAs":["https:\/\/www.facebook.com\/esteticasantablz\/","https:\/\/www.instagram.com\/esteticasantabeleza\/"]}]}},"_links":{"self":[{"href":"https:\/\/esteticasantabeleza.com.br\/blog\/wp-json\/wp\/v2\/pages\/6445"}],"collection":[{"href":"https:\/\/esteticasantabeleza.com.br\/blog\/wp-json\/wp\/v2\/pages"}],"about":[{"href":"https:\/\/esteticasantabeleza.com.br\/blog\/wp-json\/wp\/v2\/types\/page"}],"author":[{"embeddable":true,"href":"https:\/\/esteticasantabeleza.com.br\/blog\/wp-json\/wp\/v2\/users\/15"}],"replies":[{"embeddable":true,"href":"https:\/\/esteticasantabeleza.com.br\/blog\/wp-json\/wp\/v2\/comments?post=6445"}],"version-history":[{"count":10,"href":"https:\/\/esteticasantabeleza.com.br\/blog\/wp-json\/wp\/v2\/pages\/6445\/revisions"}],"predecessor-version":[{"id":12434,"href":"https:\/\/esteticasantabeleza.com.br\/blog\/wp-json\/wp\/v2\/pages\/6445\/revisions\/12434"}],"wp:attachment":[{"href":"https:\/\/esteticasantabeleza.com.br\/blog\/wp-json\/wp\/v2\/media?parent=6445"}],"curies":[{"name":"wp","href":"https:\/\/api.w.org\/{rel}","templated":true}]}}