{"id":6447,"date":"2016-10-25T15:14:58","date_gmt":"2016-10-25T18:14:58","guid":{"rendered":"https:\/\/esteticasantabeleza.com.br\/blog\/?page_id=6447"},"modified":"2023-10-11T16:09:54","modified_gmt":"2023-10-11T19:09:54","slug":"tratamento-celulite-em-moema","status":"publish","type":"page","link":"https:\/\/esteticasantabeleza.com.br\/blog\/tratamento-celulite-em-moema\/","title":{"rendered":"Tratamento Celulite em Moema"},"content":{"rendered":"<p style=\"text-align: center;\"><a class=\"myButton\" href=\"#contacts_pages\">Agende sua Avalia\u00e7\u00e3o<\/a><\/p>\n<p style=\"text-align: center; font-size: 2.3em;\">(11) 3804-1326<\/p>\n<div class=\"whats\" style=\"text-align: center; margin: 38px 0;\"><a id=\"whatsapp\" class=\"botao-whatss\" style=\"padding: 17px 20px; border-radius: 10px; background: #00bb42; color: white;\" title=\"Atendimento via whatsapp\" href=\"https:\/\/api.whatsapp.com\/send?phone=5511981001232\" target=\"_blank\" rel=\"noopener noreferrer\">FALE CONOSCO\u00a0<i class=\"fa fa-whatsapp\"><\/i><\/a><\/div>\n<p><a href=\"https:\/\/esteticasantabeleza.com.br\/blog\/wp-content\/uploads\/2016\/10\/Clinica-de-Emagrecimento-Vila-Nova-Concei\u00e7\u00e3o.jpg\"><img fetchpriority=\"high\" decoding=\"async\" class=\"alignleft wp-image-6602 size-medium\" src=\"https:\/\/esteticasantabeleza.com.br\/blog\/wp-content\/uploads\/2016\/10\/Clinica-de-Emagrecimento-Vila-Nova-Concei\u00e7\u00e3o-300x250.jpg\" alt=\"Clinica de Emagrecimento Vila Nova Concei\u00e7\u00e3o\" width=\"300\" height=\"250\" srcset=\"https:\/\/esteticasantabeleza.com.br\/blog\/wp-content\/uploads\/2016\/10\/Clinica-de-Emagrecimento-Vila-Nova-Concei\u00e7\u00e3o-300x250.jpg 300w, https:\/\/esteticasantabeleza.com.br\/blog\/wp-content\/uploads\/2016\/10\/Clinica-de-Emagrecimento-Vila-Nova-Concei\u00e7\u00e3o-1024x853.jpg 1024w, https:\/\/esteticasantabeleza.com.br\/blog\/wp-content\/uploads\/2016\/10\/Clinica-de-Emagrecimento-Vila-Nova-Concei\u00e7\u00e3o.jpg 1200w\" sizes=\"(max-width: 300px) 100vw, 300px\" \/><\/a><\/p>\n<p>Desde 2013 no mercado, a Santa Beleza \u00e9 uma excelente alternativa para quem procura uma <strong>Tratamento Celulite em Moema<\/strong>. A Cl\u00ednica de Emagrecimento possui uma ampla estrutura para atender todas as demandas com agilidade e precis\u00e3o.<\/p>\n<p>Somos uma Cl\u00ednica de Emagrecimento que realiza procedimento para elimina\u00e7\u00e3o de gordura. A <strong>Tratamento Celulite em Moema<\/strong> trabalha com o objetivo de corresponder todas as expectativas dos clientes.<\/p>\n<p>Principais detalhes sobre a <strong>Tratamento Celulite em Moema<\/strong><br \/>\nA Santa Beleza \u00e9 uma <strong>Tratamento Celulite em Moema<\/strong> que oferece diferentes tipos de tratamentos. A Cl\u00ednica de Emagrecimento disponibiliza atendimento personalizado em um ambiente discreto e aconchegante.<\/p>\n<p>A Cl\u00ednica de Emagrecimento conta com equipamentos de \u00faltima gera\u00e7\u00e3o para a realiza\u00e7\u00e3o dos procedimentos. A <strong>Tratamento Celulite em Moema<\/strong> conta com profissionais com grande experi\u00eancia no segmento.<\/p>\n<p>Somos uma Cl\u00ednica de Emagrecimento que oferece tratamentos para elimina\u00e7\u00e3o de: gordura localizada, estrias, celulites e flacidez.<\/p>\n<p>A Santa Beleza \u00e9 uma Cl\u00ednica de Emagrecimento que realiza v\u00e1rios tipos de massagens modeladoras e drenagens.<\/p>\n<p>A Santa Beleza atua como <strong>Tratamento Celulite em Moema<\/strong><\/p>\n<p>Fale com a Santa Beleza para saber mais sobre a Cl\u00ednica de Emagrecimento<\/p>\n<div id=\"contacts_pages\" class=\"formspage\">\n<p>PREENCHA SEUS DADOS ABAIXO PARA AGENDAR UMA MASSAGEM EST\u00c9TICA OU DRENAGEM LINF\u00c1TICA<\/p>\n\n<div class=\"wpcf7 no-js\" id=\"wpcf7-f6936-o1\" lang=\"pt-BR\" dir=\"ltr\">\n<div class=\"screen-reader-response\"><p role=\"status\" aria-live=\"polite\" aria-atomic=\"true\"><\/p> <ul><\/ul><\/div>\n<form action=\"\/blog\/wp-json\/wp\/v2\/pages\/6447#wpcf7-f6936-o1\" method=\"post\" class=\"wpcf7-form init\" aria-label=\"Formul\u00e1rios de contato\" novalidate=\"novalidate\" data-status=\"init\">\n<div style=\"display: none;\">\n<input type=\"hidden\" name=\"_wpcf7\" value=\"6936\" \/>\n<input type=\"hidden\" name=\"_wpcf7_version\" value=\"5.9.3\" \/>\n<input type=\"hidden\" name=\"_wpcf7_locale\" value=\"pt_BR\" \/>\n<input type=\"hidden\" name=\"_wpcf7_unit_tag\" value=\"wpcf7-f6936-o1\" \/>\n<input type=\"hidden\" name=\"_wpcf7_container_post\" value=\"0\" \/>\n<input type=\"hidden\" name=\"_wpcf7_posted_data_hash\" value=\"\" \/>\n<input type=\"hidden\" name=\"_wpcf7_recaptcha_response\" value=\"\" \/>\n<\/div>\n<p><span class=\"wpcf7-form-control-wrap\" data-name=\"your-name\"><input size=\"40\" class=\"wpcf7-form-control wpcf7-text wpcf7-validates-as-required\" aria-required=\"true\" aria-invalid=\"false\" placeholder=\"Nome\" value=\"\" type=\"text\" name=\"your-name\" \/><\/span>\n<\/p>\n<p><span class=\"wpcf7-form-control-wrap\" data-name=\"your-email\"><input size=\"40\" class=\"wpcf7-form-control wpcf7-email wpcf7-validates-as-required wpcf7-text wpcf7-validates-as-email\" aria-required=\"true\" aria-invalid=\"false\" placeholder=\"Email\" value=\"\" type=\"email\" name=\"your-email\" \/><\/span>\n<\/p>\n<p><span class=\"wpcf7-form-control-wrap\" data-name=\"assunto\"><input size=\"40\" class=\"wpcf7-form-control wpcf7-text wpcf7-validates-as-required\" aria-required=\"true\" aria-invalid=\"false\" placeholder=\"Assunto\" value=\"\" type=\"text\" name=\"assunto\" \/><\/span>\n<\/p>\n<p><span class=\"wpcf7-form-control-wrap\" data-name=\"your-message\"><textarea cols=\"40\" rows=\"10\" class=\"wpcf7-form-control wpcf7-textarea\" aria-invalid=\"false\" placeholder=\"Mensagem\" name=\"your-message\"><\/textarea><\/span>\n<\/p>\n<p><input class=\"wpcf7-form-control wpcf7-submit has-spinner\" type=\"submit\" value=\"Enviar\" \/>\n<\/p><div class=\"wpcf7-response-output\" aria-hidden=\"true\"><\/div>\n<\/form>\n<\/div>\n\n<\/div>\n<h3>Confira tamb\u00e9m<\/h3>\n<ul class=\"see-more\">\n<li><img decoding=\"async\" title=\"Tratamento de Est\u00e9tica na Vila Nova Concei\u00e7\u00e3o\" src=\"https:\/\/esteticasantabeleza.com.br\/blog\/wp-content\/uploads\/2015\/10\/L_depilacao-300x300.jpg\" alt=\"Tratamento de Est\u00e9tica na Vila Nova Concei\u00e7\u00e3o\" \/><strong><a title=\"Tratamento de Est\u00e9tica na Vila Nova Concei\u00e7\u00e3o\" href=\"https:\/\/esteticasantabeleza.com.br\/blog\/tratamento-de-estetica-na-vila-nova-conceicao\/\">Tratamento de Est\u00e9tica na Vila Nova Concei\u00e7\u00e3o<\/a><\/strong><\/li>\n<li><img decoding=\"async\" title=\"Tratamento de est\u00e9tica no Itaim\" src=\"https:\/\/esteticasantabeleza.com.br\/blog\/wp-content\/uploads\/2016\/10\/Tratamento-Estetica-Itaim.jpg\" alt=\"Tratamento de est\u00e9tica no Itaim\" \/><strong><a title=\"Tratamento de est\u00e9tica no Itaim\" href=\"https:\/\/esteticasantabeleza.com.br\/blog\/#\">Tratamento de est\u00e9tica no Itaim<\/a><\/strong><\/li>\n<li><img decoding=\"async\" title=\"Tratamento de Gordura Localizada em Moema\" src=\"https:\/\/esteticasantabeleza.com.br\/blog\/wp-content\/uploads\/2015\/08\/img_sb_gorduralocalizada2-300x200.jpg\" alt=\"Tratamento de Gordura Localizada em Moema\" \/><strong><a title=\"Tratamento de Gordura Localizada em Moema\" href=\"https:\/\/esteticasantabeleza.com.br\/blog\/tratamento-de-estetica-no-itaim\/\">Tratamento de Gordura Localizada em Moema<\/a><\/strong><\/li>\n<li><img decoding=\"async\" title=\"Tratamento de Gordura Localizada na Vila Nova Concei\u00e7\u00e3o\" src=\"https:\/\/esteticasantabeleza.com.br\/blog\/wp-content\/uploads\/2016\/10\/Tratamento-Gordura-Localizada-Vila-Nova-Concei\u00e7\u00e3o.jpg\" alt=\"Tratamento de Gordura Localizada na Vila Nova Concei\u00e7\u00e3o\" \/><strong><a title=\"Tratamento de Gordura Localizada na Vila Nova Concei\u00e7\u00e3o\" href=\"https:\/\/esteticasantabeleza.com.br\/blog\/tratamento-de-gordura-localizada-na-vila-na-nova-conceicao\/\">Tratamento de Gordura Localizada na Vila Nova Concei\u00e7\u00e3o<\/a><\/strong><\/li>\n<\/ul>\n","protected":false},"excerpt":{"rendered":"<p>Agende sua Avalia\u00e7\u00e3o (11) 3804-1326 FALE CONOSCO\u00a0 Desde 2013 no mercado, a Santa Beleza \u00e9 uma excelente alternativa para quem procura uma Tratamento Celulite em Moema. A Cl\u00ednica de Emagrecimento possui uma ampla estrutura para atender todas as demandas com agilidade e precis\u00e3o. Somos uma Cl\u00ednica de Emagrecimento que realiza procedimento para elimina\u00e7\u00e3o de gordura&#8230;. <\/p>\n<div class=\"clear\"><\/div>\n<p><a href=\"https:\/\/esteticasantabeleza.com.br\/blog\/tratamento-celulite-em-moema\/\" class=\"gdlr-button small excerpt-read-more\">Read More<\/a><\/p>\n","protected":false},"author":15,"featured_media":0,"parent":0,"menu_order":0,"comment_status":"closed","ping_status":"open","template":"page-conversao.php","meta":{"footnotes":""},"yoast_head":"<!-- This site is optimized with the Yoast SEO Premium plugin v21.6 (Yoast SEO v22.4) - https:\/\/yoast.com\/wordpress\/plugins\/seo\/ -->\n<title>Tratamento Celulite em Moema - Est\u00e9tica Santa Beleza<\/title>\n<meta name=\"description\" content=\"A Santa Beleza \u00e9 uma Tratamento Celulite em Moema que oferece diferentes tipos de tratamentos. A Cl\u00ednica de Emagrecimento disponibiliza atendimento personalizado em um ambiente discreto e aconchegante.\" \/>\n<meta name=\"robots\" content=\"index, follow, max-snippet:-1, max-image-preview:large, max-video-preview:-1\" \/>\n<link rel=\"canonical\" href=\"https:\/\/esteticasantabeleza.com.br\/blog\/tratamento-celulite-em-moema\/\" \/>\n<meta property=\"og:locale\" content=\"pt_BR\" \/>\n<meta property=\"og:type\" content=\"article\" \/>\n<meta property=\"og:title\" content=\"Tratamento Celulite em Moema\" \/>\n<meta property=\"og:description\" content=\"A Santa Beleza \u00e9 uma Tratamento Celulite em Moema que oferece diferentes tipos de tratamentos. A Cl\u00ednica de Emagrecimento disponibiliza atendimento personalizado em um ambiente discreto e aconchegante.\" \/>\n<meta property=\"og:url\" content=\"https:\/\/esteticasantabeleza.com.br\/blog\/tratamento-celulite-em-moema\/\" \/>\n<meta property=\"og:site_name\" content=\"Santa Beleza\" \/>\n<meta property=\"article:publisher\" content=\"https:\/\/www.facebook.com\/esteticasantablz\/\" \/>\n<meta property=\"article:modified_time\" content=\"2023-10-11T19:09:54+00:00\" \/>\n<meta property=\"og:image\" content=\"https:\/\/esteticasantabeleza.com.br\/blog\/wp-content\/uploads\/2015\/10\/L_depilacao-300x300.jpg\" \/>\n<meta name=\"twitter:card\" content=\"summary_large_image\" \/>\n<meta name=\"twitter:label1\" content=\"Est. tempo de leitura\" \/>\n\t<meta name=\"twitter:data1\" content=\"3 minutos\" \/>\n<script type=\"application\/ld+json\" class=\"yoast-schema-graph\">{\"@context\":\"https:\/\/schema.org\",\"@graph\":[{\"@type\":\"WebPage\",\"@id\":\"https:\/\/esteticasantabeleza.com.br\/blog\/tratamento-celulite-em-moema\/\",\"url\":\"https:\/\/esteticasantabeleza.com.br\/blog\/tratamento-celulite-em-moema\/\",\"name\":\"Tratamento Celulite em Moema - Est\u00e9tica Santa Beleza\",\"isPartOf\":{\"@id\":\"https:\/\/esteticasantabeleza.com.br\/blog\/#website\"},\"primaryImageOfPage\":{\"@id\":\"https:\/\/esteticasantabeleza.com.br\/blog\/tratamento-celulite-em-moema\/#primaryimage\"},\"image\":{\"@id\":\"https:\/\/esteticasantabeleza.com.br\/blog\/tratamento-celulite-em-moema\/#primaryimage\"},\"thumbnailUrl\":\"https:\/\/esteticasantabeleza.com.br\/blog\/wp-content\/uploads\/2015\/10\/L_depilacao-300x300.jpg\",\"datePublished\":\"2016-10-25T18:14:58+00:00\",\"dateModified\":\"2023-10-11T19:09:54+00:00\",\"description\":\"A Santa Beleza \u00e9 uma Tratamento Celulite em Moema que oferece diferentes tipos de tratamentos. A Cl\u00ednica de Emagrecimento disponibiliza atendimento personalizado em um ambiente discreto e aconchegante.\",\"breadcrumb\":{\"@id\":\"https:\/\/esteticasantabeleza.com.br\/blog\/tratamento-celulite-em-moema\/#breadcrumb\"},\"inLanguage\":\"pt-BR\",\"potentialAction\":[{\"@type\":\"ReadAction\",\"target\":[\"https:\/\/esteticasantabeleza.com.br\/blog\/tratamento-celulite-em-moema\/\"]}]},{\"@type\":\"ImageObject\",\"inLanguage\":\"pt-BR\",\"@id\":\"https:\/\/esteticasantabeleza.com.br\/blog\/tratamento-celulite-em-moema\/#primaryimage\",\"url\":\"https:\/\/esteticasantabeleza.com.br\/blog\/wp-content\/uploads\/2015\/10\/L_depilacao.jpg\",\"contentUrl\":\"https:\/\/esteticasantabeleza.com.br\/blog\/wp-content\/uploads\/2015\/10\/L_depilacao.jpg\",\"width\":800,\"height\":800},{\"@type\":\"BreadcrumbList\",\"@id\":\"https:\/\/esteticasantabeleza.com.br\/blog\/tratamento-celulite-em-moema\/#breadcrumb\",\"itemListElement\":[{\"@type\":\"ListItem\",\"position\":1,\"name\":\"In\u00edcio\",\"item\":\"https:\/\/esteticasantabeleza.com.br\/blog\/\"},{\"@type\":\"ListItem\",\"position\":2,\"name\":\"Tratamento Celulite em Moema\"}]},{\"@type\":\"WebSite\",\"@id\":\"https:\/\/esteticasantabeleza.com.br\/blog\/#website\",\"url\":\"https:\/\/esteticasantabeleza.com.br\/blog\/\",\"name\":\"Est\u00e9tica Santa Beleza\",\"description\":\"Estamos localizados em Moema-SP, com atendimento exclusivo e ambiente discreto. H\u00e1 mais de 10 anos oferecendo tratamentos corporais, faciais e depila\u00e7\u00e3o...\",\"publisher\":{\"@id\":\"https:\/\/esteticasantabeleza.com.br\/blog\/#organization\"},\"potentialAction\":[{\"@type\":\"SearchAction\",\"target\":{\"@type\":\"EntryPoint\",\"urlTemplate\":\"https:\/\/esteticasantabeleza.com.br\/blog\/?s={search_term_string}\"},\"query-input\":\"required name=search_term_string\"}],\"inLanguage\":\"pt-BR\"},{\"@type\":\"Organization\",\"@id\":\"https:\/\/esteticasantabeleza.com.br\/blog\/#organization\",\"name\":\"Est\u00e9tica Santa Beleza\",\"url\":\"https:\/\/esteticasantabeleza.com.br\/blog\/\",\"logo\":{\"@type\":\"ImageObject\",\"inLanguage\":\"pt-BR\",\"@id\":\"https:\/\/esteticasantabeleza.com.br\/blog\/#\/schema\/logo\/image\/\",\"url\":\"https:\/\/esteticasantabeleza.com.br\/blog\/wp-content\/uploads\/2019\/03\/logo_email-e1465234219101.png\",\"contentUrl\":\"https:\/\/esteticasantabeleza.com.br\/blog\/wp-content\/uploads\/2019\/03\/logo_email-e1465234219101.png\",\"width\":200,\"height\":93,\"caption\":\"Est\u00e9tica Santa Beleza\"},\"image\":{\"@id\":\"https:\/\/esteticasantabeleza.com.br\/blog\/#\/schema\/logo\/image\/\"},\"sameAs\":[\"https:\/\/www.facebook.com\/esteticasantablz\/\",\"https:\/\/www.instagram.com\/esteticasantabeleza\/\"]}]}<\/script>\n<!-- \/ Yoast SEO Premium plugin. -->","yoast_head_json":{"title":"Tratamento Celulite em Moema - Est\u00e9tica Santa Beleza","description":"A Santa Beleza \u00e9 uma Tratamento Celulite em Moema que oferece diferentes tipos de tratamentos. A Cl\u00ednica de Emagrecimento disponibiliza atendimento personalizado em um ambiente discreto e aconchegante.","robots":{"index":"index","follow":"follow","max-snippet":"max-snippet:-1","max-image-preview":"max-image-preview:large","max-video-preview":"max-video-preview:-1"},"canonical":"https:\/\/esteticasantabeleza.com.br\/blog\/tratamento-celulite-em-moema\/","og_locale":"pt_BR","og_type":"article","og_title":"Tratamento Celulite em Moema","og_description":"A Santa Beleza \u00e9 uma Tratamento Celulite em Moema que oferece diferentes tipos de tratamentos. A Cl\u00ednica de Emagrecimento disponibiliza atendimento personalizado em um ambiente discreto e aconchegante.","og_url":"https:\/\/esteticasantabeleza.com.br\/blog\/tratamento-celulite-em-moema\/","og_site_name":"Santa Beleza","article_publisher":"https:\/\/www.facebook.com\/esteticasantablz\/","article_modified_time":"2023-10-11T19:09:54+00:00","og_image":[{"url":"https:\/\/esteticasantabeleza.com.br\/blog\/wp-content\/uploads\/2015\/10\/L_depilacao-300x300.jpg"}],"twitter_card":"summary_large_image","twitter_misc":{"Est. tempo de leitura":"3 minutos"},"schema":{"@context":"https:\/\/schema.org","@graph":[{"@type":"WebPage","@id":"https:\/\/esteticasantabeleza.com.br\/blog\/tratamento-celulite-em-moema\/","url":"https:\/\/esteticasantabeleza.com.br\/blog\/tratamento-celulite-em-moema\/","name":"Tratamento Celulite em Moema - Est\u00e9tica Santa Beleza","isPartOf":{"@id":"https:\/\/esteticasantabeleza.com.br\/blog\/#website"},"primaryImageOfPage":{"@id":"https:\/\/esteticasantabeleza.com.br\/blog\/tratamento-celulite-em-moema\/#primaryimage"},"image":{"@id":"https:\/\/esteticasantabeleza.com.br\/blog\/tratamento-celulite-em-moema\/#primaryimage"},"thumbnailUrl":"https:\/\/esteticasantabeleza.com.br\/blog\/wp-content\/uploads\/2015\/10\/L_depilacao-300x300.jpg","datePublished":"2016-10-25T18:14:58+00:00","dateModified":"2023-10-11T19:09:54+00:00","description":"A Santa Beleza \u00e9 uma Tratamento Celulite em Moema que oferece diferentes tipos de tratamentos. A Cl\u00ednica de Emagrecimento disponibiliza atendimento personalizado em um ambiente discreto e aconchegante.","breadcrumb":{"@id":"https:\/\/esteticasantabeleza.com.br\/blog\/tratamento-celulite-em-moema\/#breadcrumb"},"inLanguage":"pt-BR","potentialAction":[{"@type":"ReadAction","target":["https:\/\/esteticasantabeleza.com.br\/blog\/tratamento-celulite-em-moema\/"]}]},{"@type":"ImageObject","inLanguage":"pt-BR","@id":"https:\/\/esteticasantabeleza.com.br\/blog\/tratamento-celulite-em-moema\/#primaryimage","url":"https:\/\/esteticasantabeleza.com.br\/blog\/wp-content\/uploads\/2015\/10\/L_depilacao.jpg","contentUrl":"https:\/\/esteticasantabeleza.com.br\/blog\/wp-content\/uploads\/2015\/10\/L_depilacao.jpg","width":800,"height":800},{"@type":"BreadcrumbList","@id":"https:\/\/esteticasantabeleza.com.br\/blog\/tratamento-celulite-em-moema\/#breadcrumb","itemListElement":[{"@type":"ListItem","position":1,"name":"In\u00edcio","item":"https:\/\/esteticasantabeleza.com.br\/blog\/"},{"@type":"ListItem","position":2,"name":"Tratamento Celulite em Moema"}]},{"@type":"WebSite","@id":"https:\/\/esteticasantabeleza.com.br\/blog\/#website","url":"https:\/\/esteticasantabeleza.com.br\/blog\/","name":"Est\u00e9tica Santa Beleza","description":"Estamos localizados em Moema-SP, com atendimento exclusivo e ambiente discreto. H\u00e1 mais de 10 anos oferecendo tratamentos corporais, faciais e depila\u00e7\u00e3o...","publisher":{"@id":"https:\/\/esteticasantabeleza.com.br\/blog\/#organization"},"potentialAction":[{"@type":"SearchAction","target":{"@type":"EntryPoint","urlTemplate":"https:\/\/esteticasantabeleza.com.br\/blog\/?s={search_term_string}"},"query-input":"required name=search_term_string"}],"inLanguage":"pt-BR"},{"@type":"Organization","@id":"https:\/\/esteticasantabeleza.com.br\/blog\/#organization","name":"Est\u00e9tica Santa Beleza","url":"https:\/\/esteticasantabeleza.com.br\/blog\/","logo":{"@type":"ImageObject","inLanguage":"pt-BR","@id":"https:\/\/esteticasantabeleza.com.br\/blog\/#\/schema\/logo\/image\/","url":"https:\/\/esteticasantabeleza.com.br\/blog\/wp-content\/uploads\/2019\/03\/logo_email-e1465234219101.png","contentUrl":"https:\/\/esteticasantabeleza.com.br\/blog\/wp-content\/uploads\/2019\/03\/logo_email-e1465234219101.png","width":200,"height":93,"caption":"Est\u00e9tica Santa Beleza"},"image":{"@id":"https:\/\/esteticasantabeleza.com.br\/blog\/#\/schema\/logo\/image\/"},"sameAs":["https:\/\/www.facebook.com\/esteticasantablz\/","https:\/\/www.instagram.com\/esteticasantabeleza\/"]}]}},"_links":{"self":[{"href":"https:\/\/esteticasantabeleza.com.br\/blog\/wp-json\/wp\/v2\/pages\/6447"}],"collection":[{"href":"https:\/\/esteticasantabeleza.com.br\/blog\/wp-json\/wp\/v2\/pages"}],"about":[{"href":"https:\/\/esteticasantabeleza.com.br\/blog\/wp-json\/wp\/v2\/types\/page"}],"author":[{"embeddable":true,"href":"https:\/\/esteticasantabeleza.com.br\/blog\/wp-json\/wp\/v2\/users\/15"}],"replies":[{"embeddable":true,"href":"https:\/\/esteticasantabeleza.com.br\/blog\/wp-json\/wp\/v2\/comments?post=6447"}],"version-history":[{"count":10,"href":"https:\/\/esteticasantabeleza.com.br\/blog\/wp-json\/wp\/v2\/pages\/6447\/revisions"}],"predecessor-version":[{"id":7947,"href":"https:\/\/esteticasantabeleza.com.br\/blog\/wp-json\/wp\/v2\/pages\/6447\/revisions\/7947"}],"wp:attachment":[{"href":"https:\/\/esteticasantabeleza.com.br\/blog\/wp-json\/wp\/v2\/media?parent=6447"}],"curies":[{"name":"wp","href":"https:\/\/api.w.org\/{rel}","templated":true}]}}